{"id":104,"date":"2020-02-16T20:11:36","date_gmt":"2020-02-16T20:11:36","guid":{"rendered":"http:\/\/www.taljansuku.com\/tss\/?page_id=104"},"modified":"2021-07-11T10:53:07","modified_gmt":"2021-07-11T08:53:07","slug":"sukunimi","status":"publish","type":"page","link":"http:\/\/www.taljansuku.com\/tss\/suku\/sukunimi\/","title":{"rendered":"Sukunimi"},"content":{"rendered":"\n<p>Talja nimen\u00e4 on siit\u00e4 harvinainen, ett\u00e4 sen alkuper\u00e4inen merkitys ja  muuntuminen ajan mittaan voidaan todeta l\u00e4hes vuosi vuodelta. <\/p>\n\n\n\n<p>Toisin kuin yleisesti luullaan, nimi ei  tarkoita nykysuomen nostov\u00e4linett\u00e4 tai parkitsematonta nahkaa.  <\/p>\n\n\n\n<p>Tiedet\u00e4\u00e4n, ett\u00e4 nimi on kirjoitettu seuraavasti: <\/p>\n\n\n\n<ul><li>1534 Stallsven (ruotsalaisper\u00e4inen sana on tarkoittanut tallipoikaa) <\/li><li>1545 Talisoinen <\/li><li>1604 Taliain <\/li><li>1612 Talioinen <\/li><li>1635 Tallia <\/li><li>1645 Talia <\/li><li>1727 Talja <\/li><\/ul>\n\n\n\n<p>Sukumme nimen kirjoitusasu on pysynyt ennallaan noin 300 vuotta. Sit\u00e4 edelt\u00e4\u00e4 vajaan 100 vuoden jakso, jolloin kirjoitusasu oli l\u00e4hes nykyisen kaltainen ja ensimm\u00e4inen reilun 100 vuoden jakso, jolloin nimen kirjoitusasu kehittyi l\u00e4helle nykyist\u00e4 muotoaan.<\/p>\n\n\n\n<p class=\"lahdeluettelo\">L\u00e4hde:<\/p>\n\n\n\n<ol class=\"lahdeluettelo\"><li> Alasalmi Aila, Kirjassa \u201dTaljan Suku\u201d toim. Huovinen Marja-Liisa, ISBN:978-952-93-3474-2 , sivu 15. <\/li><\/ol>\n","protected":false},"excerpt":{"rendered":"<p>Talja nimen\u00e4 on siit\u00e4 harvinainen, ett\u00e4 sen alkuper\u00e4inen merkitys ja muuntuminen ajan mittaan voidaan todeta l\u00e4hes vuosi vuodelta. Toisin kuin yleisesti luullaan, nimi ei tarkoita nykysuomen nostov\u00e4linett\u00e4 tai parkitsematonta nahkaa. Tiedet\u00e4\u00e4n, ett\u00e4 nimi on kirjoitettu seuraavasti: 1534 Stallsven (ruotsalaisper\u00e4inen sana on tarkoittanut tallipoikaa) 1545 Talisoinen 1604 Taliain 1612 Talioinen 1635 Tallia 1645 Talia 1727 Talja [&hellip;]<\/p>\n","protected":false},"author":2,"featured_media":0,"parent":90,"menu_order":1,"comment_status":"closed","ping_status":"closed","template":"","meta":[],"_links":{"self":[{"href":"http:\/\/www.taljansuku.com\/tss\/wp-json\/wp\/v2\/pages\/104"}],"collection":[{"href":"http:\/\/www.taljansuku.com\/tss\/wp-json\/wp\/v2\/pages"}],"about":[{"href":"http:\/\/www.taljansuku.com\/tss\/wp-json\/wp\/v2\/types\/page"}],"author":[{"embeddable":true,"href":"http:\/\/www.taljansuku.com\/tss\/wp-json\/wp\/v2\/users\/2"}],"replies":[{"embeddable":true,"href":"http:\/\/www.taljansuku.com\/tss\/wp-json\/wp\/v2\/comments?post=104"}],"version-history":[{"count":10,"href":"http:\/\/www.taljansuku.com\/tss\/wp-json\/wp\/v2\/pages\/104\/revisions"}],"predecessor-version":[{"id":972,"href":"http:\/\/www.taljansuku.com\/tss\/wp-json\/wp\/v2\/pages\/104\/revisions\/972"}],"up":[{"embeddable":true,"href":"http:\/\/www.taljansuku.com\/tss\/wp-json\/wp\/v2\/pages\/90"}],"wp:attachment":[{"href":"http:\/\/www.taljansuku.com\/tss\/wp-json\/wp\/v2\/media?parent=104"}],"curies":[{"name":"wp","href":"https:\/\/api.w.org\/{rel}","templated":true}]}}