{"id":179,"date":"2020-02-23T17:44:55","date_gmt":"2020-02-23T17:44:55","guid":{"rendered":"http:\/\/www.taljansuku.com\/tss\/?page_id=179"},"modified":"2020-03-09T18:42:45","modified_gmt":"2020-03-09T16:42:45","slug":"jaseneksi","status":"publish","type":"page","link":"http:\/\/www.taljansuku.com\/tss\/jaseneksi\/","title":{"rendered":"J\u00e4seneksi"},"content":{"rendered":"\n<p>Tervetuloa Taljan Sukuseura ry:n j\u00e4seneksi!<\/p>\n\n\n\n<h4>Miten liityn j\u00e4seneksi?<\/h4>\n\n\n\n<ul><li>Ilmoita liittymisest\u00e4 j\u00e4senasioiden hoitajalle (jasenasiat@taljansuku.com). Ilmoita my\u00f6s s\u00e4hk\u00f6postiosoitteesi, johon j\u00e4senkirjeet l\u00e4hetet\u00e4\u00e4n. Jos sinulla ei ole s\u00e4hk\u00f6postia k\u00e4yt\u00f6ss\u00e4si, ilmoita osoitteesi. Kerro my\u00f6s, mit\u00e4 kautta olet Taljan suvun j\u00e4sen. Vuosittain peritt\u00e4v\u00e4 j\u00e4senmaksu on 20 \u20ac.<\/li><li>J\u00e4senasioiden hoitaja l\u00e4hett\u00e4\u00e4 sinulle postia ja tiedot j\u00e4senmaksun maksamista varten. &#8211; Alle 18 vuotiaat ovat vapaat j\u00e4senmaksusta.<\/li><li>Hallitus hyv\u00e4ksyy sinut j\u00e4seneksi seuraavassa kokouksessaan, mik\u00e4li olet s\u00e4\u00e4nt\u00f6jen mukaan kelpoinen j\u00e4seneksi.<\/li><\/ul>\n\n\n\n<h4>Mit\u00e4 s\u00e4\u00e4nn\u00f6t sanovat j\u00e4senyydest\u00e4?<\/h4>\n\n\n\n<p>Ohessa ote <a href=\"http:\/\/www.taljansuku.com\/tss\/sukuseura\/taljan-sukuseura-r-y-n-saannot\/\" target=\"_blank\" rel=\"noreferrer noopener\" aria-label=\" (avautuu uudessa v\u00e4lilehdess\u00e4)\">Taljan Sukuseura ry:n s\u00e4\u00e4nt\u00f6jen<\/a> 3. pyk\u00e4l\u00e4st\u00e4:<\/p>\n\n\n\n<blockquote class=\"wp-block-quote\"><p>&#8221;Yhdistyksen j\u00e4seneksi voidaan hyv\u00e4ksy\u00e4 jokainen 18 vuotta t\u00e4ytt\u00e4nyt  henkil\u00f6, joka is\u00e4n tai \u00e4idin puolelta on Taljan sukuun kuuluva tai joka  avioliiton kautta on siihen liittynyt. Yhdistykseen pyrkiv\u00e4n on  ilmoittauduttava seuran hallitukselle, joka p\u00e4\u00e4tt\u00e4\u00e4 j\u00e4seneksi  ottamisesta.<\/p><\/blockquote>\n\n\n\n<blockquote class=\"wp-block-quote\"><p>Yhdistyksen j\u00e4senen alle 18-vuotiaat lapset voivat liitty\u00e4  yhdistykseen nuorisoj\u00e4senin\u00e4, jotka ovat vapaat j\u00e4senmaksusta ja joilla  ei ole \u00e4\u00e4nioikeutta yhdistyksen kokouksissa.&#8221;<\/p><\/blockquote>\n\n\n\n<h4>J\u00e4seneksi my\u00f6s Karjalan Liittoon!<\/h4>\n\n\n\n<p>Taljan Sukuseura ry. on Karjalanliitto ry:n j\u00e4senseura. Suosittelemme vahvasti liittymist\u00e4 my\u00f6s Karjalan Liiton j\u00e4seneksi! Karjalan liiton j\u00e4senmaksu on t\u00e4ll\u00e4 hetkell\u00e4 20 \u20ac.<\/p>\n\n\n\n<ul><li>Lue lis\u00e4\u00e4 Karjalan Liiton <a rel=\"noreferrer noopener\" aria-label=\"j\u00e4senyydest\u00e4 (avautuu uudessa v\u00e4lilehdess\u00e4)\" href=\"https:\/\/www.karjalanliitto.fi\/jasenyys.html\" target=\"_blank\">j\u00e4senyydest\u00e4<\/a>! Taljan Sukuseura ry. on yksi Karjalan Liiton sivuilla mainituista j\u00e4senyhteis\u00f6ist\u00e4. Meid\u00e4n kautta onnistuu liittyminen Karjalan Liiton j\u00e4seneksi, esimerkiksi samalla, kun liityt sukuseuran j\u00e4seneksi. Jos olet sukuseuramme j\u00e4sen ja haluat liitty\u00e4 Karjalan liiton j\u00e4seneksi, ilmoita asiasta Taljan Sukuseuran j\u00e4senasioidenhoitajalle (jasenasiat@taljansuku.com) ja asia on hoidettu.<\/li><li>Karjalan Liiton <a rel=\"noreferrer noopener\" aria-label=\"j\u00e4senedut (avautuu uudessa v\u00e4lilehdess\u00e4)\" href=\"https:\/\/www.karjalanliitto.fi\/jasenyys\/jasenedut.html\" target=\"_blank\">j\u00e4senedut<\/a>:  <ul><li>J\u00e4senille l\u00e4hettett\u00e4v\u00e4, nelj\u00e4 kertaa vuodessa ilmestyv\u00e4 Karjalan Kunnaat -j\u00e4senlehti on jo sin\u00e4ns\u00e4 arvoltaan j\u00e4sen maksun verran! Huomioi my\u00f6s muut j\u00e4senedut ja alennukset Karjalan Liiton maksullisiin tilaisuuksiin.<\/li><li>Usen meilt\u00e4 kotiseutumatkailijoilta unohtuu, ett\u00e4 Karjalan Liiton kautta hoidetut suhteet valtakunnan tasolta paikallistasolle mahdollistavat vierailut sukumme asuinalueille Karjalassa.<\/li><\/ul><\/li><li>Huomaathan, ett\u00e4 Karjalan Liiton j\u00e4senmaksu maksetaan vain kerran, joko meid\u00e4n tai jonkun muun seuran kautta!<\/li><\/ul>\n\n\n\n<h4>Eroaminen ja erottaminen sukuseuran j\u00e4senyydest\u00e4<\/h4>\n\n\n\n<p>Mik\u00e4li haluat erota Taljan Sukuseura ry:n j\u00e4senyydest\u00e4, ilmoita asiasta<\/p>\n\n\n\n<ul><li> hallitukselle, tai <\/li><li>puheenjohtajalle, tai <\/li><li>suullisesti yhdistyksen kokouksessa p\u00f6yt\u00e4kirjaan merkitt\u00e4v\u00e4ksi. <\/li><\/ul>\n\n\n\n<p>Mik\u00e4li olet Karjalan Liiton j\u00e4sen ja maksat j\u00e4senmaksusi Taljan Sukuseura ry:n kautta, seura ilmoittaa Karjalan Liittoon sinun eronneen j\u00e4senyydest\u00e4.<\/p>\n\n\n\n<p>Hallitus voi erottaa yhdistyksest\u00e4 j\u00e4senen, joka on toistuvasti j\u00e4tt\u00e4nyt  er\u00e4\u00e4ntyneen j\u00e4senmaksunsa maksamatta tai on menettelyll\u00e4\u00e4n  sukuseurassa tai sen ulkopuolella huomattavasti vahingoittanut sukuseuraa. <\/p>\n","protected":false},"excerpt":{"rendered":"<p>Tervetuloa Taljan Sukuseura ry:n j\u00e4seneksi! Miten liityn j\u00e4seneksi? Ilmoita liittymisest\u00e4 j\u00e4senasioiden hoitajalle (jasenasiat@taljansuku.com). Ilmoita my\u00f6s s\u00e4hk\u00f6postiosoitteesi, johon j\u00e4senkirjeet l\u00e4hetet\u00e4\u00e4n. Jos sinulla ei ole s\u00e4hk\u00f6postia k\u00e4yt\u00f6ss\u00e4si, ilmoita osoitteesi. Kerro my\u00f6s, mit\u00e4 kautta olet Taljan suvun j\u00e4sen. Vuosittain peritt\u00e4v\u00e4 j\u00e4senmaksu on 20 \u20ac. J\u00e4senasioiden hoitaja l\u00e4hett\u00e4\u00e4 sinulle postia ja tiedot j\u00e4senmaksun maksamista varten. &#8211; Alle 18 vuotiaat [&hellip;]<\/p>\n","protected":false},"author":2,"featured_media":0,"parent":0,"menu_order":6,"comment_status":"closed","ping_status":"closed","template":"","meta":[],"_links":{"self":[{"href":"http:\/\/www.taljansuku.com\/tss\/wp-json\/wp\/v2\/pages\/179"}],"collection":[{"href":"http:\/\/www.taljansuku.com\/tss\/wp-json\/wp\/v2\/pages"}],"about":[{"href":"http:\/\/www.taljansuku.com\/tss\/wp-json\/wp\/v2\/types\/page"}],"author":[{"embeddable":true,"href":"http:\/\/www.taljansuku.com\/tss\/wp-json\/wp\/v2\/users\/2"}],"replies":[{"embeddable":true,"href":"http:\/\/www.taljansuku.com\/tss\/wp-json\/wp\/v2\/comments?post=179"}],"version-history":[{"count":16,"href":"http:\/\/www.taljansuku.com\/tss\/wp-json\/wp\/v2\/pages\/179\/revisions"}],"predecessor-version":[{"id":372,"href":"http:\/\/www.taljansuku.com\/tss\/wp-json\/wp\/v2\/pages\/179\/revisions\/372"}],"wp:attachment":[{"href":"http:\/\/www.taljansuku.com\/tss\/wp-json\/wp\/v2\/media?parent=179"}],"curies":[{"name":"wp","href":"https:\/\/api.w.org\/{rel}","templated":true}]}}