{"id":191,"date":"2020-02-23T18:42:29","date_gmt":"2020-02-23T18:42:29","guid":{"rendered":"http:\/\/www.taljansuku.com\/tss\/?page_id=191"},"modified":"2020-02-23T19:08:20","modified_gmt":"2020-02-23T19:08:20","slug":"jasenkirjeet","status":"publish","type":"page","link":"http:\/\/www.taljansuku.com\/tss\/sukuseura\/jasenkirjeet\/","title":{"rendered":"J\u00e4senkirjeet"},"content":{"rendered":"<p>\n<!--StartFragment--><\/p>\n\n\n<p>Taljan Sukuseura ry julkaisee j\u00e4senkirjeit\u00e4. T\u00e4m\u00e4n hetkisen linjauksen mukaan yksi j\u00e4senkirje vuodessa l\u00e4hetet\u00e4\u00e4n jokaiselle j\u00e4senelle henkil\u00f6kohtaisesti joko s\u00e4hk\u00f6postiin tai perinteisen\u00e4 kirjeen\u00e4. N\u00e4m\u00e4 j\u00e4senkirjeet julkaistaan my\u00f6s t\u00e4ll\u00e4 sivustolla.<\/p>\n\n\n\n<p>Lis\u00e4ksi s\u00e4hk\u00f6postin kautta l\u00e4hetet\u00e4\u00e4n tarpeen mukaan j\u00e4senkirjeit\u00e4. My\u00f6s ne julkaistaan t\u00e4ll\u00e4 sivustolla.<\/p>\n\n\n\n<h4>J\u00e4senkirjeet<\/h4>\n\n\n\n<p>J\u00e4senkirjeen nimi toimii linkkin\u00e4 kirjeen sis\u00e4lt\u00f6\u00f6n.<\/p>\n\n\n\n<figure class=\"wp-block-table\"><table class=\"\"><tbody><tr><th>J\u00e4senkirje<\/th><th>Sis\u00e4lt\u00f6<\/th><\/tr><tr><td><a href=\"http:\/\/www.taljansuku.com\/tss\/sukuseura\/jasenkirjeet\/jasenkirje-helmikuu-2020\/\" target=\"_blank\" rel=\"noreferrer noopener\" aria-label=\"Helmikuu 2020 (avautuu uudessa v\u00e4lilehdess\u00e4)\">Helmikuu 2020<\/a><\/td><td>1) Vuosikokous 2020 ja tietoisku DNA-sukututkimuksesta<br>2) Sukuseuran kes\u00e4tapaaminen<br>3) Muut vuoden 2020 tapahtumat<br>4) J\u00e4senmaksu 2020<br>5) Sukuseuran j\u00e4senet ja j\u00e4senkirje<\/td><\/tr><\/tbody><\/table><\/figure>\n","protected":false},"excerpt":{"rendered":"<p>Taljan Sukuseura ry julkaisee j\u00e4senkirjeit\u00e4. T\u00e4m\u00e4n hetkisen linjauksen mukaan yksi j\u00e4senkirje vuodessa l\u00e4hetet\u00e4\u00e4n jokaiselle j\u00e4senelle henkil\u00f6kohtaisesti joko s\u00e4hk\u00f6postiin tai perinteisen\u00e4 kirjeen\u00e4. N\u00e4m\u00e4 j\u00e4senkirjeet julkaistaan my\u00f6s t\u00e4ll\u00e4 sivustolla. Lis\u00e4ksi s\u00e4hk\u00f6postin kautta l\u00e4hetet\u00e4\u00e4n tarpeen mukaan j\u00e4senkirjeit\u00e4. My\u00f6s ne julkaistaan t\u00e4ll\u00e4 sivustolla. J\u00e4senkirjeet J\u00e4senkirjeen nimi toimii linkkin\u00e4 kirjeen sis\u00e4lt\u00f6\u00f6n. J\u00e4senkirje Sis\u00e4lt\u00f6 Helmikuu 2020 1) Vuosikokous 2020 ja tietoisku [&hellip;]<\/p>\n","protected":false},"author":2,"featured_media":0,"parent":41,"menu_order":3,"comment_status":"closed","ping_status":"closed","template":"","meta":[],"_links":{"self":[{"href":"http:\/\/www.taljansuku.com\/tss\/wp-json\/wp\/v2\/pages\/191"}],"collection":[{"href":"http:\/\/www.taljansuku.com\/tss\/wp-json\/wp\/v2\/pages"}],"about":[{"href":"http:\/\/www.taljansuku.com\/tss\/wp-json\/wp\/v2\/types\/page"}],"author":[{"embeddable":true,"href":"http:\/\/www.taljansuku.com\/tss\/wp-json\/wp\/v2\/users\/2"}],"replies":[{"embeddable":true,"href":"http:\/\/www.taljansuku.com\/tss\/wp-json\/wp\/v2\/comments?post=191"}],"version-history":[{"count":4,"href":"http:\/\/www.taljansuku.com\/tss\/wp-json\/wp\/v2\/pages\/191\/revisions"}],"predecessor-version":[{"id":201,"href":"http:\/\/www.taljansuku.com\/tss\/wp-json\/wp\/v2\/pages\/191\/revisions\/201"}],"up":[{"embeddable":true,"href":"http:\/\/www.taljansuku.com\/tss\/wp-json\/wp\/v2\/pages\/41"}],"wp:attachment":[{"href":"http:\/\/www.taljansuku.com\/tss\/wp-json\/wp\/v2\/media?parent=191"}],"curies":[{"name":"wp","href":"https:\/\/api.w.org\/{rel}","templated":true}]}}