{"id":309,"date":"2020-03-14T10:05:03","date_gmt":"2020-03-14T08:05:03","guid":{"rendered":"http:\/\/www.taljansuku.com\/tss\/?page_id=309"},"modified":"2020-03-15T05:16:17","modified_gmt":"2020-03-15T03:16:17","slug":"kantatalo","status":"publish","type":"page","link":"http:\/\/www.taljansuku.com\/tss\/suku\/kantatalo\/","title":{"rendered":"Kantatalo"},"content":{"rendered":"\n<p>Kantatalon sijainnista on olemassa monenlaisia arvailuja. Luultavasti Taljala on kehittynyt kuten muutkin kyl\u00e4t. Ihminen on hakeutunut veden l\u00e4heisyyteen, koska se on ollut kulkutie ja kalaisa ruoka-aitta. Rannanan l\u00e4heisyys oli t\u00e4rke\u00e4\u00e4 my\u00f6hemminkin, kun maatalous kehittyi varsinaiseksi elinkeinoksi. Uuusi asutus on sijoittunut aina entisen paikalle. Vuodelta 1779 per\u00e4isin olevassa kartassa n\u00e4kyv\u00e4t Yll\u00f6l\u00e4n tienoilla Taljalan ainoat kaksi taloa l\u00e4hekk\u00e4in. T\u00e4st\u00e4 Mustalahden rantaan oli n. 700 &#8211; 800 metri\u00e4. Voidaan  hyvin olettaa, ett\u00e4 vanhin talo oli ennen 1550-luvun puoliv\u00e4li\u00e4 suunnilleen samoilla paikkeilla. \/1\/<\/p>\n\n\n\n<p>Linkin takana olevassa <a rel=\"noreferrer noopener\" aria-label=\"kartassa (avautuu uudessa v\u00e4lilehdess\u00e4)\" href=\"http:\/\/www.karjalankartat.fi\/?language=fi&amp;E=4473316.486414795&amp;N=6744663.174551421&amp;scale=5000&amp;base=OpenLayers.Layer.WMS_4\" target=\"_blank\">kartassa<\/a> (Maanmittauslaitoksen palvelussa Karjalan kartat) n\u00e4kyy Taljalan kyl\u00e4 Vuoksenrannassa. Kantatalon oletetaan sijainneen kartassa mainitun Yrj\u00f6l\u00e4n (Yll\u00f6l\u00e4) l\u00e4hist\u00f6ll\u00e4. Vastaavaan Googlen kartan n\u00e4kym\u00e4\u00e4n p\u00e4\u00e4set oheisesta <a rel=\"noreferrer noopener\" aria-label=\"linkist\u00e4 (avautuu uudessa v\u00e4lilehdess\u00e4)\" href=\"https:\/\/www.google.com\/maps\/place\/60%C2%B048'41.4%22N+29%C2%B029'52.0%22E\/@60.8113147,29.4980489,609m\/data=!3m1!1e3!4m5!3m4!1s0x0:0x0!8m2!3d60.81149!4d29.49777\" target=\"_blank\">linkist\u00e4<\/a>.<\/p>\n\n\n\n<div class=\"wp-block-image\"><figure class=\"aligncenter size-large\"><img loading=\"lazy\" width=\"1024\" height=\"579\" src=\"http:\/\/www.taljansuku.com\/tss\/wp-content\/uploads\/2020\/03\/TSS_2020_03_14_Kantatalo-1024x579.jpg\" alt=\"\" class=\"wp-image-525\" srcset=\"http:\/\/www.taljansuku.com\/tss\/wp-content\/uploads\/2020\/03\/TSS_2020_03_14_Kantatalo-1024x579.jpg 1024w, http:\/\/www.taljansuku.com\/tss\/wp-content\/uploads\/2020\/03\/TSS_2020_03_14_Kantatalo-300x170.jpg 300w, http:\/\/www.taljansuku.com\/tss\/wp-content\/uploads\/2020\/03\/TSS_2020_03_14_Kantatalo-768x434.jpg 768w, http:\/\/www.taljansuku.com\/tss\/wp-content\/uploads\/2020\/03\/TSS_2020_03_14_Kantatalo-1536x868.jpg 1536w, http:\/\/www.taljansuku.com\/tss\/wp-content\/uploads\/2020\/03\/TSS_2020_03_14_Kantatalo.jpg 2001w\" sizes=\"(max-width: 1024px) 100vw, 1024px\" \/><figcaption><strong>Kuva<\/strong>: Oletettu kantatalon <a rel=\"noreferrer noopener\" aria-label=\"paikka (avautuu uudessa v\u00e4lilehdess\u00e4)\" href=\"http:\/\/www.karjalankartat.fi\/?language=fi&amp;E=4473316.486414795&amp;N=6744663.174551421&amp;scale=5000&amp;base=OpenLayers.Layer.WMS_4\" target=\"_blank\">paikka<\/a> ympyr\u00f6ityn\u00e4 Taljalan kyl\u00e4ss\u00e4 Vuoksenrannassa, Karttapohja l\u00e4hteest\u00e4 \/2\/.<\/figcaption><\/figure><\/div>\n\n\n\n<p class=\"lahdeluettelo\">L\u00e4hde:<\/p>\n\n\n\n<ol class=\"lahdeluettelo\"><li> Alasalmi Aila, Kirjassa \u201dTaljan Suku\u201d Toimittanut Huovinen Marja-Liisa, ISBN:978-952-93-3474-2 , sivu 15. <\/li><li> <a href=\"http:\/\/www.karjalankartat.fi\/?language=fi&amp;E=4473316.486414795&amp;N=6744663.174551421&amp;scale=5000&amp;base=OpenLayers.Layer.WMS_4\">http:\/\/www.karjalankartat.fi\/?language=fi&amp;E=4473316.486414795&amp;N=6744663.174551421&amp;scale=5000&amp;base=OpenLayers.Layer.WMS_4<\/a>  Karjalan kartat, Maanmittauslaitos, Viitattu 14.3.2020<\/li><\/ol>\n","protected":false},"excerpt":{"rendered":"<p>Kantatalon sijainnista on olemassa monenlaisia arvailuja. Luultavasti Taljala on kehittynyt kuten muutkin kyl\u00e4t. Ihminen on hakeutunut veden l\u00e4heisyyteen, koska se on ollut kulkutie ja kalaisa ruoka-aitta. Rannanan l\u00e4heisyys oli t\u00e4rke\u00e4\u00e4 my\u00f6hemminkin, kun maatalous kehittyi varsinaiseksi elinkeinoksi. Uuusi asutus on sijoittunut aina entisen paikalle. Vuodelta 1779 per\u00e4isin olevassa kartassa n\u00e4kyv\u00e4t Yll\u00f6l\u00e4n tienoilla Taljalan ainoat kaksi taloa [&hellip;]<\/p>\n","protected":false},"author":2,"featured_media":0,"parent":90,"menu_order":0,"comment_status":"closed","ping_status":"closed","template":"","meta":[],"_links":{"self":[{"href":"http:\/\/www.taljansuku.com\/tss\/wp-json\/wp\/v2\/pages\/309"}],"collection":[{"href":"http:\/\/www.taljansuku.com\/tss\/wp-json\/wp\/v2\/pages"}],"about":[{"href":"http:\/\/www.taljansuku.com\/tss\/wp-json\/wp\/v2\/types\/page"}],"author":[{"embeddable":true,"href":"http:\/\/www.taljansuku.com\/tss\/wp-json\/wp\/v2\/users\/2"}],"replies":[{"embeddable":true,"href":"http:\/\/www.taljansuku.com\/tss\/wp-json\/wp\/v2\/comments?post=309"}],"version-history":[{"count":14,"href":"http:\/\/www.taljansuku.com\/tss\/wp-json\/wp\/v2\/pages\/309\/revisions"}],"predecessor-version":[{"id":533,"href":"http:\/\/www.taljansuku.com\/tss\/wp-json\/wp\/v2\/pages\/309\/revisions\/533"}],"up":[{"embeddable":true,"href":"http:\/\/www.taljansuku.com\/tss\/wp-json\/wp\/v2\/pages\/90"}],"wp:attachment":[{"href":"http:\/\/www.taljansuku.com\/tss\/wp-json\/wp\/v2\/media?parent=309"}],"curies":[{"name":"wp","href":"https:\/\/api.w.org\/{rel}","templated":true}]}}