{"id":41,"date":"2020-02-16T07:39:17","date_gmt":"2020-02-16T07:39:17","guid":{"rendered":"http:\/\/www.taljansuku.com\/tss\/?page_id=41"},"modified":"2020-03-01T12:11:16","modified_gmt":"2020-03-01T10:11:16","slug":"sukuseura","status":"publish","type":"page","link":"http:\/\/www.taljansuku.com\/tss\/sukuseura\/","title":{"rendered":"Sukuseura"},"content":{"rendered":"\n<p>Taljan Sukuseura ry. toimii suvun yhdyssiteen\u00e4 ja vaalii sen karjalaisia juuria.    Taljan Sukuseuran tarkoituksena on selvitt\u00e4\u00e4 suvun vaiheita ja historiaa, vaalia suvun  perinteit\u00e4 ja edist\u00e4\u00e4 yhteenkuuluvuuden tunnetta j\u00e4sentens\u00e4 keskuudessa <\/p>\n\n\n\n<p>Sukuseuran perustaminen tapahtui 1990 Riihim\u00e4ell\u00e4. Olemme olleet olemassa 30 vuotta!<\/p>\n\n\n\n<p>Sek\u00e4 suvun ett\u00e4 sukuseuran j\u00e4senist\u00f6 on hajaantunut ymp\u00e4ri Suomen. Verkkopohjaisen toiminnan avulla  pystymme aiempaa  paremmin pit\u00e4m\u00e4\u00e4n yhteytt\u00e4 toisiimme sek\u00e4 yhdess\u00e4 ker\u00e4\u00e4m\u00e4\u00e4mme ja  tallentamaamme suvun perint\u00f6\u00f6n.  N\u00e4iden sivujen lis\u00e4ksi meill\u00e4 on aktiivisesti toimivat <a href=\"https:\/\/www.facebook.com\/login\/?next=https%3A%2F%2Fwww.facebook.com%2Fgroups%2F269516806822174%2F%3Ffref%3Dnf\" target=\"_blank\" rel=\"noreferrer noopener\" aria-label=\"Facebook-sivut (avautuu uudessa v\u00e4lilehdess\u00e4)\">Facebook-sivut<\/a>.<\/p>\n\n\n\n<p>Tervetuloa <a href=\"http:\/\/www.taljansuku.com\/tss\/jaseneksi\/\" target=\"_blank\" rel=\"noreferrer noopener\" aria-label=\" (avautuu uudessa v\u00e4lilehdess\u00e4)\">mukaan<\/a> Taljan Sukuseuran toimintaan!<\/p>\n","protected":false},"excerpt":{"rendered":"<p>Taljan Sukuseura ry. toimii suvun yhdyssiteen\u00e4 ja vaalii sen karjalaisia juuria. Taljan Sukuseuran tarkoituksena on selvitt\u00e4\u00e4 suvun vaiheita ja historiaa, vaalia suvun perinteit\u00e4 ja edist\u00e4\u00e4 yhteenkuuluvuuden tunnetta j\u00e4sentens\u00e4 keskuudessa Sukuseuran perustaminen tapahtui 1990 Riihim\u00e4ell\u00e4. Olemme olleet olemassa 30 vuotta! Sek\u00e4 suvun ett\u00e4 sukuseuran j\u00e4senist\u00f6 on hajaantunut ymp\u00e4ri Suomen. Verkkopohjaisen toiminnan avulla pystymme aiempaa paremmin pit\u00e4m\u00e4\u00e4n [&hellip;]<\/p>\n","protected":false},"author":2,"featured_media":0,"parent":0,"menu_order":1,"comment_status":"closed","ping_status":"closed","template":"","meta":[],"_links":{"self":[{"href":"http:\/\/www.taljansuku.com\/tss\/wp-json\/wp\/v2\/pages\/41"}],"collection":[{"href":"http:\/\/www.taljansuku.com\/tss\/wp-json\/wp\/v2\/pages"}],"about":[{"href":"http:\/\/www.taljansuku.com\/tss\/wp-json\/wp\/v2\/types\/page"}],"author":[{"embeddable":true,"href":"http:\/\/www.taljansuku.com\/tss\/wp-json\/wp\/v2\/users\/2"}],"replies":[{"embeddable":true,"href":"http:\/\/www.taljansuku.com\/tss\/wp-json\/wp\/v2\/comments?post=41"}],"version-history":[{"count":5,"href":"http:\/\/www.taljansuku.com\/tss\/wp-json\/wp\/v2\/pages\/41\/revisions"}],"predecessor-version":[{"id":358,"href":"http:\/\/www.taljansuku.com\/tss\/wp-json\/wp\/v2\/pages\/41\/revisions\/358"}],"wp:attachment":[{"href":"http:\/\/www.taljansuku.com\/tss\/wp-json\/wp\/v2\/media?parent=41"}],"curies":[{"name":"wp","href":"https:\/\/api.w.org\/{rel}","templated":true}]}}