{"id":444,"date":"2020-03-09T18:38:38","date_gmt":"2020-03-09T16:38:38","guid":{"rendered":"http:\/\/www.taljansuku.com\/tss\/?page_id=444"},"modified":"2020-03-13T14:26:29","modified_gmt":"2020-03-13T12:26:29","slug":"tuotteet","status":"publish","type":"page","link":"http:\/\/www.taljansuku.com\/tss\/tuotteet\/","title":{"rendered":"Tuotteet"},"content":{"rendered":"\n<h3>Taljan Sukuseuran omat tuotteet:<\/h3>\n\n\n\n<figure class=\"wp-block-table\"><table class=\"\"><tbody><tr><th>Tuote<\/th><th>Kuvaus<\/th><th>Hinta<\/th><\/tr><tr><td>Sukukirja<\/td><td>Vuonna 2014 julkaistu sukukirja &#8221;Taljan suku&#8221;<\/td><td>55:00 \u20ac<\/td><\/tr><\/tbody><\/table><\/figure>\n\n\n\n<p>Mynniss\u00e4 olevien tuotteiden lis\u00e4ksi on keskusteltu mm. seuraavista tuotteista:<\/p>\n\n\n\n<ul><li>P\u00f6yt\u00e4standardi (p\u00f6yt\u00e4viiri). P\u00f6yt\u00e4standardi oli aiemmin myynniss\u00e4, t\u00e4ll\u00e4 hetkell\u00e4 se on kuitenkin loppu.<\/li><li>Is\u00e4nn\u00e4nviiri<\/li><li>Logolla varustettu paita &#8211; t-paita tai pikeepaita<\/li><li>Logolla varustettu lippalakki<\/li><\/ul>\n\n\n\n<p>Ota yhteytt\u00e4 Sukuseuran sihteeriin, kun olet ostamassa tuotteita.  Kerro meille my\u00f6s, mita tuotteita haluaisit ostaa Taljan Sukuseuran kautta.<\/p>\n\n\n\n<h3>Vuoksenranta-seuran kautta myynniss\u00e4 olevat tuotteet<\/h3>\n\n\n\n<ul><li>Uhvatta-koru <ul><li> Uhvatta on karjalainen sana, joka tarkoittaa perinteist\u00e4 keitti\u00f6n  ty\u00f6v\u00e4linett\u00e4, patahankoa. Uhvatassa oli pitk\u00e4 puinen varsi ja sill\u00e4  otettiin kuuma pata tai astia pois uunista. <\/li><\/ul><\/li><li>Kirjoja<\/li><li>DVD- ja CD-levyj\u00e4<\/li><li>Is\u00e4nn\u00e4nviiri<\/li><li>Paitoja<\/li><li>Lippis<\/li><li>Rintamerkki<\/li><li> Antrea-Vuoksenranta -pit\u00e4j\u00e4kartta <\/li><\/ul>\n\n\n\n<p>Tutustu tarkemmin <a href=\"https:\/\/www.vuoksenranta.fi\/tuotteet\/\" target=\"_blank\" rel=\"noreferrer noopener\" aria-label=\"Vuokseranta-seuran (avautuu uudessa v\u00e4lilehdess\u00e4)\">Vuokseranta-seuran<\/a> sivulla ja tilaa!<\/p>\n","protected":false},"excerpt":{"rendered":"<p>Taljan Sukuseuran omat tuotteet: Tuote Kuvaus Hinta Sukukirja Vuonna 2014 julkaistu sukukirja &#8221;Taljan suku&#8221; 55:00 \u20ac Mynniss\u00e4 olevien tuotteiden lis\u00e4ksi on keskusteltu mm. seuraavista tuotteista: P\u00f6yt\u00e4standardi (p\u00f6yt\u00e4viiri). P\u00f6yt\u00e4standardi oli aiemmin myynniss\u00e4, t\u00e4ll\u00e4 hetkell\u00e4 se on kuitenkin loppu. Is\u00e4nn\u00e4nviiri Logolla varustettu paita &#8211; t-paita tai pikeepaita Logolla varustettu lippalakki Ota yhteytt\u00e4 Sukuseuran sihteeriin, kun olet ostamassa [&hellip;]<\/p>\n","protected":false},"author":2,"featured_media":0,"parent":0,"menu_order":4,"comment_status":"closed","ping_status":"closed","template":"","meta":[],"_links":{"self":[{"href":"http:\/\/www.taljansuku.com\/tss\/wp-json\/wp\/v2\/pages\/444"}],"collection":[{"href":"http:\/\/www.taljansuku.com\/tss\/wp-json\/wp\/v2\/pages"}],"about":[{"href":"http:\/\/www.taljansuku.com\/tss\/wp-json\/wp\/v2\/types\/page"}],"author":[{"embeddable":true,"href":"http:\/\/www.taljansuku.com\/tss\/wp-json\/wp\/v2\/users\/2"}],"replies":[{"embeddable":true,"href":"http:\/\/www.taljansuku.com\/tss\/wp-json\/wp\/v2\/comments?post=444"}],"version-history":[{"count":7,"href":"http:\/\/www.taljansuku.com\/tss\/wp-json\/wp\/v2\/pages\/444\/revisions"}],"predecessor-version":[{"id":451,"href":"http:\/\/www.taljansuku.com\/tss\/wp-json\/wp\/v2\/pages\/444\/revisions\/451"}],"wp:attachment":[{"href":"http:\/\/www.taljansuku.com\/tss\/wp-json\/wp\/v2\/media?parent=444"}],"curies":[{"name":"wp","href":"https:\/\/api.w.org\/{rel}","templated":true}]}}