{"id":45,"date":"2020-02-16T07:59:35","date_gmt":"2020-02-16T07:59:35","guid":{"rendered":"http:\/\/www.taljansuku.com\/tss\/?page_id=45"},"modified":"2020-02-23T18:43:53","modified_gmt":"2020-02-23T18:43:53","slug":"taljan-sukuseura-r-y-n-saannot","status":"publish","type":"page","link":"http:\/\/www.taljansuku.com\/tss\/sukuseura\/taljan-sukuseura-r-y-n-saannot\/","title":{"rendered":"Taljan Sukuseura r.y.:n s\u00e4\u00e4nn\u00f6t"},"content":{"rendered":"\n<h4>1. Yhdistyksen nimi, kotipaikka ja tarkoitus<\/h4>\n\n\n\n<p>Yhdistyksen nimi on Taljan Sukuseura r.y., kotipaikka on Asikkala ja toimialue koko maa.<\/p>\n\n\n\n<h4>2. Tarkoitus ja toiminnan laatu<\/h4>\n\n\n\n<p>Yhdistyksen tarkoituksena on selvitt\u00e4\u00e4 suvun vaiheita ja historiaa, vaalia suvun perinteit\u00e4 ja edist\u00e4\u00e4 yhteenkuuluvuuden tunnetta j\u00e4sentens\u00e4 keskuudessa.<\/p>\n\n\n\n<p>Tarkoituksensa toteuttamiseksi yhdistys:<\/p>\n\n\n\n<ul><li>j\u00e4rjest\u00e4\u00e4 yhteisi\u00e4 kokouksia, sukup\u00e4ivi\u00e4, retkeilyj\u00e4 ja muita yhdistyksen toimintaan liittyvi\u00e4 tilaisuuksia,<\/li><li> ker\u00e4\u00e4m\u00e4ll\u00e4 ja arkistoimalla sukua koskevaa tietoutta,<\/li><li> selvitt\u00e4\u00e4 ja auttaa suvun j\u00e4seni\u00e4 selvitt\u00e4m\u00e4\u00e4n suvun vaiheita sek\u00e4 saattaa tutkimusty\u00f6n tulokset j\u00e4senten tietoon,<\/li><li> harjoittaa sukuseuran tarkoitusperi\u00e4 edist\u00e4v\u00e4\u00e4 julkaisutoimintaa sek\u00e4<\/li><li> pit\u00e4\u00e4 jatkuvasti luetteloa suvun j\u00e4senist\u00e4.<\/li><\/ul>\n\n\n\n<p>Toimintansa tukemiseksi yhdistys voi ottaa vastaan testamentattua tai lahjoitettua omaisuutta, perustaa rahastoja sek\u00e4 asianomaisella luvalla j\u00e4rjest\u00e4\u00e4 ker\u00e4yksi\u00e4 ja arpajaisia. Yhdistys voi my\u00f6s omistaa toimintansa kannalta tarpeellisia kiinteist\u00f6j\u00e4.<\/p>\n\n\n\n<h4>3. J\u00e4senet<\/h4>\n\n\n\n<p>Yhdistyksen j\u00e4seneksi voidaan hyv\u00e4ksy\u00e4 jokainen 18 vuotta t\u00e4ytt\u00e4nyt henkil\u00f6, joka is\u00e4n tai \u00e4idin puolelta on Taljan sukuun kuuluva tai joka avioliiton kautta on siihen liittynyt. Yhdistykseen pyrkiv\u00e4n on ilmoittauduttava seuran hallitukselle, joka p\u00e4\u00e4tt\u00e4\u00e4 j\u00e4seneksi ottamisesta.<\/p>\n\n\n\n<p>Yhdistyksen j\u00e4senen alle 18-vuotiaat lapset voivat liitty\u00e4 yhdistykseen nuorisoj\u00e4senin\u00e4, jotka ovat vapaat j\u00e4senmaksusta ja joilla ei ole \u00e4\u00e4nioikeutta yhdistyksen kokouksissa.<\/p>\n\n\n\n<h4>4. J\u00e4senen eroaminen ja erottaminen<\/h4>\n\n\n\n<p>J\u00e4senen, joka haluaa erota yhdistyksest\u00e4, on ilmoitettava siit\u00e4 kirjallisesti yhdistyksen hallitukselle tai sen puheenjohtajalle taikka suullisesti yhdistyksen kokouksessa p\u00f6yt\u00e4kirjaan merkitt\u00e4v\u00e4ksi.<\/p>\n\n\n\n<p>Hallitus voi erottaa yhdistyksest\u00e4 j\u00e4senen, joka on toistuvasti j\u00e4tt\u00e4nyt er\u00e4\u00e4ntyneen j\u00e4senmaksunsa maksamatta tai on menettelyll\u00e4\u00e4n yhdistyksess\u00e4 tai sen ulkopuolella huomattavasti vahingoittanut yhdistyst\u00e4.<\/p>\n\n\n\n<p>Hallituksen tulee pit\u00e4\u00e4 j\u00e4senluetteloa yhdistyksen j\u00e4senist\u00e4.<\/p>\n\n\n\n<h4>5. J\u00e4senmaksu<\/h4>\n\n\n\n<p>Yhdistyksen j\u00e4senen tulee suorittaa varsinaisen vuosikokouksen vahvistama j\u00e4senmaksu.<\/p>\n\n\n\n<p>Yhdistyksen hallitus voi my\u00f6nt\u00e4\u00e4 vapautuksen j\u00e4senmaksusta korkean i\u00e4n, sairauden tai muun syyn aiheuttaman maksukyvyn heikentymisen perusteella.<\/p>\n\n\n\n<p>Yhdistyksen ainaisj\u00e4seneksi katsotaan j\u00e4sen, joka yhdell\u00e4 kertaa suorittaa j\u00e4senmaksun kymmenkertaisena.<\/p>\n\n\n\n<p>Hallituksen ehdotuksesta voi vuosikokous kutsua Taljan Sukuseura r.y.:n kunniaj\u00e4seneksi henkil\u00f6n, joka on erityisen ansioitunut yhdistyksen toiminnassa. Kunniaj\u00e4sen on vapaa j\u00e4senmaksusta.<\/p>\n\n\n\n<h4>6. Hallitus<\/h4>\n\n\n\n<p>Yhdistyksen asioita hoitaa hallitus, johon kuuluu vuosikokouksessa valitut puheenjohtaja ja 5 &#8211; 8 muuta varsinaista j\u00e4sent\u00e4.<\/p>\n\n\n\n<p>Hallituksen toimikausi on vuosikokousten v\u00e4linen aika.<\/p>\n\n\n\n<p>Hallitus valitsee keskuudestaan varapuheenjohtajan sek\u00e4 ottaa keskuudestaan tai ulkopuoleltaan sihteerin, rahastonhoitajan ja muut tarvittavat toimihenkil\u00f6t.<\/p>\n\n\n\n<p>Hallitus kokoontuu puheenjohtajan tai h\u00e4nen estyneen\u00e4 ollessaan varapuheenjohtajan kutsusta, kun he katsovat siihen olevan aihetta tai kun v\u00e4hint\u00e4\u00e4n puolet hallituksen j\u00e4senist\u00e4 sit\u00e4 vaatii.<\/p>\n\n\n\n<p>Hallitus on p\u00e4\u00e4t\u00f6svaltainen, kun puolet sen j\u00e4senist\u00e4 ja lis\u00e4ksi puheenjohtaja tai varapuheenjohtaja on l\u00e4sn\u00e4. \u00c4\u00e4nestykset ratkaistaan yksinkertaisella \u00e4\u00e4nten enemmist\u00f6ll\u00e4. \u00c4\u00e4nten menness\u00e4 tasan ratkaisee puheenjohtajan \u00e4\u00e4ni, vaaleissa kuitenkin arpa.<\/p>\n\n\n\n<p>Hallitus kutsutaan koolle puheenjohtajan tai varapuheenjohtajan toimesta v\u00e4hint\u00e4\u00e4n seitsem\u00e4n (7) p\u00e4iv\u00e4\u00e4 ennen kokousta.<\/p>\n\n\n\n<p>Hallituksen kokouksista on pidett\u00e4v\u00e4 p\u00f6yt\u00e4kirjaa.<\/p>\n\n\n\n<h4>7. Yhdistyksen nimen kirjoittaminen<\/h4>\n\n\n\n<p>Yhdistyksen nimen kirjoittavat hallituksen puheenjohtaja, varapuheenjohtaja, sihteeri tai rahastonhoitaja, kaksi yhdess\u00e4.<\/p>\n\n\n\n<h4>8. Tilikausi ja tarkastus<\/h4>\n\n\n\n<p>Yhdistyksen tilikausi on kalentarivuosi.Tilinp\u00e4\u00e4t\u00f6s tarvittavine asiakirjoineen ja hallituksen vuosikertomus on annettava tilintarkastajille viimeist\u00e4\u00e4n 4 viikkoa ennen vuosikokousta.<\/p>\n\n\n\n<p>Tilintarkastajien lausunto tilien ja seuran hallinnon tarkastuksesta on annettava hallitukselle viimeist\u00e4\u00e4n 2 viikkoa ennen vuosikokousta.<\/p>\n\n\n\n<h4>9. Yhdistyksen kokoukset<\/h4>\n\n\n\n<p>Yhdistyksen vuosikokous, jota kutsutaan sukukokoukseksi, pidet\u00e4\u00e4n vuosittain hallituksen kutsusta sen m\u00e4\u00e4r\u00e4\u00e4m\u00e4ss\u00e4 paikassa ja m\u00e4\u00e4r\u00e4\u00e4m\u00e4n\u00e4 aikana huhti-syyskuussa.<\/p>\n\n\n\n<h4>10. Yhdistyksen kokousten koollekutsuminen<\/h4>\n\n\n\n<p>Kokouksesta on ilmoitettava seuran j\u00e4senille v\u00e4hint\u00e4\u00e4n nelj\u00e4 (4) viikkoa ennen kokousta kutsulla, joka on julkaistu sanomalehdess\u00e4 tai annettu tiedoksi kirjeell\u00e4.<\/p>\n\n\n\n<p>Yhdistyksen ylim\u00e4\u00e4r\u00e4inen sukukokous kutsutaan koolle kuten varsinainen kokous, kun hallitus katsoo sen tarpeelliseksi tai kun v\u00e4hint\u00e4\u00e4n 1\/10-osa seuran j\u00e4senist\u00e4 on jonkin m\u00e4\u00e4r\u00e4tyn asian takia tehnyt siit\u00e4 kirjallisen esityksen yhdistyksen hallitukselle.<\/p>\n\n\n\n<p>Yhdistyksen kokouksissa on jokaisella j\u00e4senell\u00e4 yksi \u00e4\u00e4ni.<\/p>\n\n\n\n<p>Ylim\u00e4\u00e4r\u00e4isen sukukokouksen kokouskutsussa on mainittava asia, jonka vuoksi kokous on koollekutsuttu.<\/p>\n\n\n\n<p>Ylim\u00e4\u00e4r\u00e4inen sukukokous on pidett\u00e4v\u00e4 v\u00e4hint\u00e4\u00e4n kanden kuukauden kuluessa siit\u00e4, kun j\u00e4senet ovat tehneet siit\u00e4 edell\u00e4 mainitulla tavalla esityksen.<\/p>\n\n\n\n<h4>11. Vuosikokous (sukukokous)<\/h4>\n\n\n\n<p>Sukukokouksessa k\u00e4sitell\u00e4\u00e4n seuraavat asiat:<\/p>\n\n\n\n<ol><li>kokouksen avaus<\/li><li>valitaan kokoukselle puheenjohtaja, sihteeri, kaksi p\u00f6yt\u00e4kirjan tarkastajaa ja tarvittaessa kaksi \u00e4\u00e4nten laskijaa<\/li><li>todetaan kokouksen laillisuus ja p\u00e4\u00e4t\u00f6svaltaisuus<\/li><li>hyv\u00e4ksyt\u00e4\u00e4n kokouksen esityslista<\/li><li>esitet\u00e4\u00e4n tilinp\u00e4\u00e4t\u00f6s, vuosikertomus ja tilintarkastajien lausunto<\/li><li>p\u00e4\u00e4tet\u00e4\u00e4n tilinp\u00e4\u00e4t\u00f6ksen vahvistamisesta ja vastuuvapauden my\u00f6nt\u00e4misest\u00e4 hallitukselle ja muille vastuuvelvoIllsille<\/li><li>vahvistetaan toimintasuunnitelma, tulo ja menoarvio sek\u00e4 j\u00e4senmaksun suuruus<\/li><li>valitaan hallituksen puheenjohtaja ja j\u00e4senet<\/li><li>valitaan kaksi tilintarkastajaa ja heille varatilintarkastajat<\/li><li>k\u00e4sitell\u00e4\u00e4n muut kokouskutsussa mainitut asiat.<\/li><\/ol>\n\n\n\n<p>Mik\u00e4li yhdistyksen j\u00e4sen haluaa saada jonkin asian sukukouksen k\u00e4sitelt\u00e4v\u00e4ksi, h\u00e4nen on ilmoitettava siit\u00e4 kirjallisesti hallitukselle niin hyviss\u00e4 ajoin, ett asia voidaan sis\u00e4llytt\u00e4\u00e4 kokouskutsuun.<\/p>\n\n\n\n<h4>12. S\u00e4\u00e4nt\u00f6jen muuttaminen ja yhdistyksen purkaminen<\/h4>\n\n\n\n<p>P\u00e4\u00e4t\u00f6s s\u00e4\u00e4nt\u00f6jen muuttamisesta tai yhdistyksen purkamisesta voidaan tehd\u00e4 vain, jos siit\u00e4 on kokouskutsussa nimenomaan ilmoitettu.<\/p>\n\n\n\n<p>P\u00e4\u00e4t\u00f6s s\u00e4\u00e4nt\u00f6jen muuttamisesta edellytt\u00e4\u00e4, ett\u00e4 sit\u00e4 on puoltanut v\u00e4hint\u00e4\u00e4n kaksi kolmannesta annetuista \u00e4\u00e4nist\u00e4. Yhdistyksen purkamista koskevan p\u00e4\u00e4t\u00f6ksen tekemiseen vaaditaan sama \u00e4\u00e4nten enemmist\u00f6 kandessa per\u00e4kk\u00e4isess\u00e4 sukukokouksessa, jotka pidet\u00e4\u00e4n v\u00e4hint\u00e4\u00e4n kanden kuukauden v\u00e4liajoin. <\/p>\n\n\n\n<p>Jos yhdistys purkautuu, viimeisess\u00e4 sukukokouksessa on p\u00e4\u00e4tett\u00e4v\u00e4 yhdistyksen omaisuuden k\u00e4ytt\u00e4misest\u00e4 yhdistyksen tarkoitusperi\u00e4 edist\u00e4v\u00e4ll\u00e4 tavalla. Yhdistyksen arkisto on luovutettava Vuoksenranta-museolle.<\/p>\n\n\n\n<p>Muutoinkin noudatetaan yhdistyslain voimassa olevia s\u00e4\u00e4nn\u00f6ksi\u00e4.<\/p>\n","protected":false},"excerpt":{"rendered":"<p>1. Yhdistyksen nimi, kotipaikka ja tarkoitus Yhdistyksen nimi on Taljan Sukuseura r.y., kotipaikka on Asikkala ja toimialue koko maa. 2. Tarkoitus ja toiminnan laatu Yhdistyksen tarkoituksena on selvitt\u00e4\u00e4 suvun vaiheita ja historiaa, vaalia suvun perinteit\u00e4 ja edist\u00e4\u00e4 yhteenkuuluvuuden tunnetta j\u00e4sentens\u00e4 keskuudessa. Tarkoituksensa toteuttamiseksi yhdistys: j\u00e4rjest\u00e4\u00e4 yhteisi\u00e4 kokouksia, sukup\u00e4ivi\u00e4, retkeilyj\u00e4 ja muita yhdistyksen toimintaan liittyvi\u00e4 tilaisuuksia, [&hellip;]<\/p>\n","protected":false},"author":2,"featured_media":0,"parent":41,"menu_order":4,"comment_status":"closed","ping_status":"closed","template":"","meta":[],"_links":{"self":[{"href":"http:\/\/www.taljansuku.com\/tss\/wp-json\/wp\/v2\/pages\/45"}],"collection":[{"href":"http:\/\/www.taljansuku.com\/tss\/wp-json\/wp\/v2\/pages"}],"about":[{"href":"http:\/\/www.taljansuku.com\/tss\/wp-json\/wp\/v2\/types\/page"}],"author":[{"embeddable":true,"href":"http:\/\/www.taljansuku.com\/tss\/wp-json\/wp\/v2\/users\/2"}],"replies":[{"embeddable":true,"href":"http:\/\/www.taljansuku.com\/tss\/wp-json\/wp\/v2\/comments?post=45"}],"version-history":[{"count":9,"href":"http:\/\/www.taljansuku.com\/tss\/wp-json\/wp\/v2\/pages\/45\/revisions"}],"predecessor-version":[{"id":78,"href":"http:\/\/www.taljansuku.com\/tss\/wp-json\/wp\/v2\/pages\/45\/revisions\/78"}],"up":[{"embeddable":true,"href":"http:\/\/www.taljansuku.com\/tss\/wp-json\/wp\/v2\/pages\/41"}],"wp:attachment":[{"href":"http:\/\/www.taljansuku.com\/tss\/wp-json\/wp\/v2\/media?parent=45"}],"curies":[{"name":"wp","href":"https:\/\/api.w.org\/{rel}","templated":true}]}}