{"id":465,"date":"2020-03-13T14:13:14","date_gmt":"2020-03-13T12:13:14","guid":{"rendered":"http:\/\/www.taljansuku.com\/tss\/?page_id=465"},"modified":"2020-03-13T23:04:12","modified_gmt":"2020-03-13T21:04:12","slug":"karjala-tietokanta","status":"publish","type":"page","link":"http:\/\/www.taljansuku.com\/tss\/suku\/sukututkimus\/karjala-tietokanta\/","title":{"rendered":"Karjala-tietokanta"},"content":{"rendered":"\n<p>Karjala-tietokantas\u00e4\u00e4ti\u00f6n \/1\/ yll\u00e4pit\u00e4m\u00e4\u00e4n tietokantaan  tallennetaan henkil\u00f6tietoja Kansallisarkiston Mikkelin toimipaikassa s\u00e4ilytett\u00e4vien luovutetun alueen seurakuntien vuosien 1700-1949 kirkonkirjoista \/2\/. <\/p>\n\n\n\n<p>Karjala-tietokantahanke vie p\u00e4\u00e4t\u00f6kseen luovutetun Karjalan evankelisluterilaisten ja ortodoksisten seurakuntien (yht. 70) kirkonkirjojen henkil\u00f6tiedoista koostuvan tutkimustietokannan kokoamisen.  Valmis tietokanta koostuu 11,5 miljoonasta henkil\u00f6tietueesta. Ne tulevat olemaan kaikkien vapaasti k\u00e4ytett\u00e4viss\u00e4 lukuun ottamatta 100 vuotta nuorempaa aineistoa \/2\/. <\/p>\n\n\n\n<ul><li>Voit tutustua&nbsp;<a rel=\"noreferrer noopener\" href=\"https:\/\/katiha.mamk.fi\/\" target=\"_blank\">tietokantaan verkossa.<\/a><\/li><li>Karjala-tietokannasta voit&nbsp;<a rel=\"noreferrer noopener\" href=\"https:\/\/katiha.mamk.fi\/Karjalatk\" target=\"_blank\">lukea lis\u00e4\u00e4 verkkosivuilta.<\/a><\/li><li>Karjala-tietokanta&nbsp;<a rel=\"noreferrer noopener\" href=\"https:\/\/www.facebook.com\/Karjala-tietokanta-279869625416424\/\" target=\"_blank\">Facebookissa<\/a><\/li><\/ul>\n\n\n\n<h4>Karjala-tietokanta luovutettiin kansallisarkistolle 4.12.2019<\/h4>\n\n\n\n<p> Karjala-tietokantas\u00e4\u00e4ti\u00f6 luovutti Karjala-tietokannan Kansallisarkistolle tietokannan ja samalla s\u00e4\u00e4ti\u00f6nkin 30-vuotisjuhlassa Kaakkois-Suomen ammattikorkeakoulun Mikpoli-salissa 4.12.2019. &nbsp; Karjala-tietokantaa on pitk\u00e4j\u00e4nteisesti rakennettu ty\u00f6voimahallinnon, opetus- ja kulttuuriministeri\u00f6n ja useiden karjalaisj\u00e4rjest\u00f6jen rahoittamissa projekteissa sek\u00e4 viimeiseksi Kaakkois-Suomen ammattikorkeakoulun kolmivuotisessa Karjala-tietokantahankkeessa \/2\/. <\/p>\n\n\n\n<h4>Karjala-tietokantas\u00e4\u00e4ti\u00f6<\/h4>\n\n\n\n<p>Mikkeliss\u00e4 vuonna 1990 perustetun Karjala-tietokantas\u00e4\u00e4ti\u00f6n tarkoituksena (<a rel=\"noreferrer noopener\" target=\"_blank\" href=\"https:\/\/katiha.xamk.fi\/Karjalatk\/downloads\/KTS_saannot.pdf\">s\u00e4\u00e4ti\u00f6n s\u00e4\u00e4nn\u00f6t<\/a>) on ollut luovutetun Karjalan v\u00e4est\u00f6\u00e4 koskevien kirkonkirjatietojen tallentaminen tietokantaan ja siten saaminen tutkimusta palvelevaan k\u00e4ytt\u00f6\u00f6n \/3\/.<\/p>\n\n\n\n<p>Tarkoituksensa toteuttamiseksi s\u00e4\u00e4ti\u00f6 on yll\u00e4pit\u00e4nyt Karjala-tietokannan tallennustoimintaa, jonka tuloksena Mikkelin maakunta-arkistossa s\u00e4ilytett\u00e4vien lakkautettujen luterilaisten ja ortodoksisten seurakuntien kirkonkirjamateriaalista on Karjala-tietokantaan tallennettu jo yli 10 miljoonaa henkil\u00f6tietuetta \/3\/.<\/p>\n\n\n\n<p class=\"lahdeluettelo\">Viitteet<\/p>\n\n\n\n<ol class=\"lahdeluettelo\"><li> <a href=\"https:\/\/katiha.xamk.fi\/Karjalatk\/\">https:\/\/katiha.xamk.fi\/Karjalatk\/<\/a>  viitattu 13.3.32020<\/li><li> <a href=\"https:\/\/www.xamk.fi\/tutkimus-ja-kehitys\/karjala-tietokanta\/\">https:\/\/www.xamk.fi\/tutkimus-ja-kehitys\/karjala-tietokanta\/<\/a>  viitattu 13.3.2020<\/li><li> <a href=\"https:\/\/katiha.xamk.fi\/Karjalatk\/historia.html\">https:\/\/katiha.xamk.fi\/Karjalatk\/historia.html<\/a> viitattu 13.3.2020<\/li><\/ol>\n","protected":false},"excerpt":{"rendered":"<p>Karjala-tietokantas\u00e4\u00e4ti\u00f6n \/1\/ yll\u00e4pit\u00e4m\u00e4\u00e4n tietokantaan tallennetaan henkil\u00f6tietoja Kansallisarkiston Mikkelin toimipaikassa s\u00e4ilytett\u00e4vien luovutetun alueen seurakuntien vuosien 1700-1949 kirkonkirjoista \/2\/. Karjala-tietokantahanke vie p\u00e4\u00e4t\u00f6kseen luovutetun Karjalan evankelisluterilaisten ja ortodoksisten seurakuntien (yht. 70) kirkonkirjojen henkil\u00f6tiedoista koostuvan tutkimustietokannan kokoamisen. Valmis tietokanta koostuu 11,5 miljoonasta henkil\u00f6tietueesta. Ne tulevat olemaan kaikkien vapaasti k\u00e4ytett\u00e4viss\u00e4 lukuun ottamatta 100 vuotta nuorempaa aineistoa \/2\/. Voit tutustua&nbsp;tietokantaan verkossa. [&hellip;]<\/p>\n","protected":false},"author":2,"featured_media":0,"parent":498,"menu_order":9,"comment_status":"closed","ping_status":"closed","template":"","meta":[],"_links":{"self":[{"href":"http:\/\/www.taljansuku.com\/tss\/wp-json\/wp\/v2\/pages\/465"}],"collection":[{"href":"http:\/\/www.taljansuku.com\/tss\/wp-json\/wp\/v2\/pages"}],"about":[{"href":"http:\/\/www.taljansuku.com\/tss\/wp-json\/wp\/v2\/types\/page"}],"author":[{"embeddable":true,"href":"http:\/\/www.taljansuku.com\/tss\/wp-json\/wp\/v2\/users\/2"}],"replies":[{"embeddable":true,"href":"http:\/\/www.taljansuku.com\/tss\/wp-json\/wp\/v2\/comments?post=465"}],"version-history":[{"count":4,"href":"http:\/\/www.taljansuku.com\/tss\/wp-json\/wp\/v2\/pages\/465\/revisions"}],"predecessor-version":[{"id":469,"href":"http:\/\/www.taljansuku.com\/tss\/wp-json\/wp\/v2\/pages\/465\/revisions\/469"}],"up":[{"embeddable":true,"href":"http:\/\/www.taljansuku.com\/tss\/wp-json\/wp\/v2\/pages\/498"}],"wp:attachment":[{"href":"http:\/\/www.taljansuku.com\/tss\/wp-json\/wp\/v2\/media?parent=465"}],"curies":[{"name":"wp","href":"https:\/\/api.w.org\/{rel}","templated":true}]}}