{"id":472,"date":"2020-03-13T14:46:25","date_gmt":"2020-03-13T12:46:25","guid":{"rendered":"http:\/\/www.taljansuku.com\/tss\/?page_id=472"},"modified":"2021-07-11T11:40:47","modified_gmt":"2021-07-11T09:40:47","slug":"vaakuna","status":"publish","type":"page","link":"http:\/\/www.taljansuku.com\/tss\/sukuseura\/vaakuna\/","title":{"rendered":"Vaakuna"},"content":{"rendered":"\n<figure class=\"wp-block-image size-large is-resized\"><img loading=\"lazy\" src=\"http:\/\/www.taljansuku.com\/tss\/wp-content\/uploads\/2020\/02\/TAL_300_Vaakuna-828x1024.png\" alt=\"Vaakuna\" class=\"wp-image-80\" width=\"329\" height=\"407\" srcset=\"http:\/\/www.taljansuku.com\/tss\/wp-content\/uploads\/2020\/02\/TAL_300_Vaakuna-828x1024.png 828w, http:\/\/www.taljansuku.com\/tss\/wp-content\/uploads\/2020\/02\/TAL_300_Vaakuna-243x300.png 243w, http:\/\/www.taljansuku.com\/tss\/wp-content\/uploads\/2020\/02\/TAL_300_Vaakuna-768x949.png 768w, http:\/\/www.taljansuku.com\/tss\/wp-content\/uploads\/2020\/02\/TAL_300_Vaakuna.png 1223w\" sizes=\"(max-width: 329px) 100vw, 329px\" \/><figcaption>Taljan Sukuseura ry:n vaakuna<\/figcaption><\/figure>\n\n\n\n<p><a rel=\"noreferrer noopener\" aria-label=\"SUOMEN HERALDINEN SEURA (avautuu uudessa v\u00e4lilehdess\u00e4)\" href=\"http:\/\/www.heraldica.fi\/fi\/\" target=\"_blank\">SUOMEN HERALDINEN SEURA<\/a> on merkinnyt 30.9.2011 rekisteriins\u00e4 numerolla <a href=\"http:\/\/www.heraldica.fi\/Toiminta\/Rekisteri\/sivut%201-900\/1673.htm\" target=\"_blank\" rel=\"noreferrer noopener\">1673<\/a> VAAKUNAN, jonka omistaa <strong>Taljan Sukuseura ry<\/strong>.<\/p>\n\n\n\n<p><em><strong>Vaakunaselitys:<\/strong><\/em> Punaiseen ja mustaan katkoisella kilvell\u00e4 aaltovarras, yl\u00e4puolellaan hevosenkenk\u00e4 ja alapuolellaan reunoihin ulottuva verkko; kaikkki kultaa.<\/p>\n\n\n\n<p>Virpi Taljan suunnittelemassa Taljan Sukuseuran vaakunassa hevosenkenk\u00e4 viittaa suvun nimeen, jonka vanhin tunnettu muoto on vuodelta 1543 Stallsven eli &#8221;tallipoika&#8221;. Verkkoviittaa suvun vanhasta kotipit\u00e4j\u00e4st\u00e4 Vuoksenrannasta tehtyyn verkkol\u00f6yt\u00f6\u00f6n. Verkko on my\u00f6s Vuoksenrannan kunnan ja parin muun vuoksenrantalaisen sukuseuran vaakunoissa. Karjalan vanhan maakuntavaakunan v\u00e4reist\u00e4 on mukana punainen ja kulta. Hopea on korvattu mustalla, joka symboloi oman maan multaa ja sen menetykseen liittyv\u00e4\u00e4 surua. Nykyisin punaista ja mustaa pidet\u00e4\u00e4n yleisesti Karjalan v\u00e4rein\u00e4.<\/p>\n","protected":false},"excerpt":{"rendered":"<p>SUOMEN HERALDINEN SEURA on merkinnyt 30.9.2011 rekisteriins\u00e4 numerolla 1673 VAAKUNAN, jonka omistaa Taljan Sukuseura ry. Vaakunaselitys: Punaiseen ja mustaan katkoisella kilvell\u00e4 aaltovarras, yl\u00e4puolellaan hevosenkenk\u00e4 ja alapuolellaan reunoihin ulottuva verkko; kaikkki kultaa. Virpi Taljan suunnittelemassa Taljan Sukuseuran vaakunassa hevosenkenk\u00e4 viittaa suvun nimeen, jonka vanhin tunnettu muoto on vuodelta 1543 Stallsven eli &#8221;tallipoika&#8221;. Verkkoviittaa suvun vanhasta kotipit\u00e4j\u00e4st\u00e4 [&hellip;]<\/p>\n","protected":false},"author":2,"featured_media":0,"parent":41,"menu_order":1,"comment_status":"closed","ping_status":"closed","template":"","meta":[],"_links":{"self":[{"href":"http:\/\/www.taljansuku.com\/tss\/wp-json\/wp\/v2\/pages\/472"}],"collection":[{"href":"http:\/\/www.taljansuku.com\/tss\/wp-json\/wp\/v2\/pages"}],"about":[{"href":"http:\/\/www.taljansuku.com\/tss\/wp-json\/wp\/v2\/types\/page"}],"author":[{"embeddable":true,"href":"http:\/\/www.taljansuku.com\/tss\/wp-json\/wp\/v2\/users\/2"}],"replies":[{"embeddable":true,"href":"http:\/\/www.taljansuku.com\/tss\/wp-json\/wp\/v2\/comments?post=472"}],"version-history":[{"count":3,"href":"http:\/\/www.taljansuku.com\/tss\/wp-json\/wp\/v2\/pages\/472\/revisions"}],"predecessor-version":[{"id":978,"href":"http:\/\/www.taljansuku.com\/tss\/wp-json\/wp\/v2\/pages\/472\/revisions\/978"}],"up":[{"embeddable":true,"href":"http:\/\/www.taljansuku.com\/tss\/wp-json\/wp\/v2\/pages\/41"}],"wp:attachment":[{"href":"http:\/\/www.taljansuku.com\/tss\/wp-json\/wp\/v2\/media?parent=472"}],"curies":[{"name":"wp","href":"https:\/\/api.w.org\/{rel}","templated":true}]}}