{"id":475,"date":"2020-03-13T20:08:15","date_gmt":"2020-03-13T18:08:15","guid":{"rendered":"http:\/\/www.taljansuku.com\/tss\/?page_id=475"},"modified":"2021-03-05T19:21:31","modified_gmt":"2021-03-05T17:21:31","slug":"dna-sukututkimus","status":"publish","type":"page","link":"http:\/\/www.taljansuku.com\/tss\/suku\/sukututkimus\/dna-sukututkimus\/","title":{"rendered":"Geneettinen sukututkimus"},"content":{"rendered":"\n<p>Geneettist\u00e4 sukututkimusta on k\u00e4ytetty perinteisen sukututkimuksen apuna  jo 2000-luvun alkuvuosista saakka. Vuonna 2006 tietoisuus geneettisest\u00e4  sukututkimuksesta Suomessa kasvoi Lauri Koskisen  <a href=\"\/\/www.familytreedna.com\/products\/mt-dna?mkwid=&amp;&amp;gclid=Cj0KCQjw3qzzBRDnARIsAECmryrS4PhvYlNn56hsOpBlySbFWNnTZmptoptLTRphhEpb-UqH-ZKpYikaAn5MEALw_wcB\" target=\"_blank\" rel=\"noreferrer noopener\" aria-label=\"FamilytreeDNA (avautuu uudessa v\u00e4lilehdess\u00e4)\">FamilytreeDNA<\/a>-palveluun perustaman SuomiDNA-projektin my\u00f6t\u00e4. \/<a rel=\"noreferrer noopener\" aria-label=\"1 (avautuu uudessa v\u00e4lilehdess\u00e4)\" href=\"https:\/\/www.karjalansivistysseura.fi\/suvut\/geneettinen-sukututkimus\" target=\"_blank\">1<\/a>\/ <\/p>\n\n\n\n<h3>SuomiDNA-projekti <\/h3>\n\n\n\n<p>Suomi DNA projekti auttaa suomalaisia ja Suomessa asuvia sek\u00e4 muita,  joilla on suomalaisia juuria, l\u00f6yt\u00e4m\u00e4\u00e4n esivanhempiaan ja sukulaisiaan  sek\u00e4 selvitt\u00e4m\u00e4\u00e4n juuriaan geneettisen sukututkimuksen avulla. Finland  DNA-projektin DNA-testien vertailutiedot palvelevat pelk\u00e4st\u00e4\u00e4n  DNA-sukututkimusta. Tuloksissa ei yritet\u00e4 k\u00e4sitell\u00e4 terveystietoja. \/<a href=\"https:\/\/www.familytreedna.com\/groups\/finland\/about\" target=\"_blank\" rel=\"noreferrer noopener\" aria-label=\"2 (avautuu uudessa v\u00e4lilehdess\u00e4)\">2<\/a>\/<\/p>\n\n\n\n<h3>KarjalaDNA-projekti <\/h3>\n\n\n\n<p>KarjalaDNA-projekti on tarkoitettu DNA-harrastajille, joiden juuret ovat Luovutetussa Karjalassa. Tavoitteellinen kohderyhm\u00e4 m\u00e4\u00e4ritell\u00e4\u00e4n niin, ett\u00e4 kyseess\u00e4 ovat pit\u00e4j\u00e4t, jotka kokonaan tai joista osia luovutettiin Neuvostoliitolle v. 1944.&nbsp; Luovutetun Karjalan alue oli vuosisatoja Ruotsin (Suomen) ja Ven\u00e4j\u00e4n  v\u00e4lisen\u00e4 rajamaana ja taistelutantereena. Siksi Luovutetulla Karjalalla  on oma erityinen v\u00e4est\u00f6historiansa. Esimerkiksi  Laatokan Karjalan v\u00e4est\u00f6 vaihtui dramaattisesti 1600-luvun aikana,  paikoin l\u00e4hes kokonaan. Ortodoksiset kanta-asukkaat siirtyiv\u00e4t  joukoittain Ven\u00e4j\u00e4lle (n\u00e4in syntyi mm. Tverin Karjala). Tilalle muutti  luterilaisia asukkaita &#8221;Suomen&#8221; puolelta, erityisesti Savosta ja  Viipurin Karjalasta. Valtaosa erityisesti Laatokan Karjalan my\u00f6hemmist\u00e4  suvuista on n\u00e4it\u00e4 1600-luvulla tulleita. \/<a rel=\"noreferrer noopener\" aria-label=\"3 (avautuu uudessa v\u00e4lilehdess\u00e4)\" href=\"https:\/\/www.familytreedna.com\/groups\/karjaladna\/about\/background\" target=\"_blank\">3<\/a>\/<br> <\/p>\n\n\n\n<h3>DNA-sukututkimus p\u00e4hkin\u00e4nkuoressa<\/h3>\n\n\n\n<p>DNA-sukututkimuksessa tutkitaan henkil\u00f6n <a rel=\"noreferrer noopener\" aria-label=\"DNA (avautuu uudessa v\u00e4lilehdess\u00e4)\" href=\"https:\/\/fi.wikipedia.org\/wiki\/DNA\" target=\"_blank\">DNA<\/a>-n\u00e4ytett\u00e4. N\u00e4yte pyyhk\u00e4ist\u00e4\u00e4n itse posken sis\u00e4pinnasta n\u00e4ytepuikolla. &nbsp;Tutkimus on kenen tahansa teetett\u00e4viss\u00e4, kohtuuhintaan ja se on mahdollista toteuttaa kotoa k\u00e4sin.  DNA sis\u00e4lt\u00e4\u00e4 ihmisen perim\u00e4n,&nbsp;geenit, jotka lapsi saa biologisilta vanhemmiltaan. DNA-sukututkimus antaa vastauksia periaatteessa kahteen kysymykseen:  1) Tutkimus kertoo henkil\u00f6n&nbsp;esihistoriasta.  2) Tutkimus l\u00f6yt\u00e4\u00e4 geenisukulaisia. \/<a rel=\"noreferrer noopener\" aria-label=\"4 (avautuu uudessa v\u00e4lilehdess\u00e4)\" href=\"https:\/\/www.kurrinsuku.net\/3\" target=\"_blank\">4<\/a>\/<\/p>\n\n\n\n<h4>DNA-sukututkimuksen nelj\u00e4 kulmakive\u00e4 \/<a href=\"https:\/\/www.kurrinsuku.net\/3\" target=\"_blank\" rel=\"noreferrer noopener\" aria-label=\"4 (avautuu uudessa v\u00e4lilehdess\u00e4)\">4<\/a>\/<\/h4>\n\n\n\n<ol><li>Jokainen kantaa tietoa esivanhemmistaan geeneiss\u00e4\u00e4n. <strong>&nbsp;<\/strong>Sukupolvesta  toiseen lapsi on perinyt geenins\u00e4&nbsp;biologisilta vanhemmiltaan,&nbsp;puoliksi  kummaltakin, kukin geeni tulee satunnaisesti jommalta kummalta vanhemmalta. <\/li><li> Edellisest\u00e4 satunnaisperim\u00e4st\u00e4 on kaksi poikkeusta, joiden ansiosta DNA-testill\u00e4 voidaan tutkia suoraa is\u00e4linjaa ja suoraa \u00e4itilinjaa hamaan &#8221;Aatamiin&#8221; ja &#8221;Eevaan&#8221; asti. <ul><li>Poika saa <a rel=\"noreferrer noopener\" aria-label=\"Y-kromosomi (avautuu uudessa v\u00e4lilehdess\u00e4)\" href=\"https:\/\/fi.wikipedia.org\/wiki\/Y-kromosomi\" target=\"_blank\">Y-kromosomi<\/a>nsa aina is\u00e4lt\u00e4\u00e4n,  joka sai sen is\u00e4lt\u00e4\u00e4n jne. Y-kromosomi on kopioitunut l\u00e4pi sukupolvien  geneettiselt\u00e4 &#8221;Aatamilta&#8221;. T\u00e4h\u00e4n perustuu is\u00e4linjan DNA-testi. <\/li><li>Lapsi&nbsp;  (sek\u00e4 tytt\u00f6 ett\u00e4 poika) saa solujensa <a rel=\"noreferrer noopener\" aria-label=\"mitokondrio (avautuu uudessa v\u00e4lilehdess\u00e4)\" href=\"https:\/\/fi.wikipedia.org\/wiki\/Mitokondrio\" target=\"_blank\">mitokondrio<\/a>t aina \u00e4idilt\u00e4\u00e4n,  joka sai ne \u00e4idilt\u00e4\u00e4n jne. Mitokondrioiden DNA on kopioitunut l\u00e4pi  sukupolvien geneettiselt\u00e4 &#8221;Eevalta. T\u00e4h\u00e4n perustuu \u00e4itilinjan  DNA-testi. <\/li><\/ul><\/li><li> Mutaatio on sukuhaaran &#8221;korvamerkki&#8221;. Geenin kopioitumisessa vanhemmalta lapselle tapahtuu satunnaisesti pieni\u00e4 virheit\u00e4, mutaatioita:&nbsp;&nbsp;Perheess\u00e4  joku lapsista saa mutaation. T\u00e4m\u00e4 mutaatio&nbsp;periytyy edelleen t\u00e4m\u00e4n lapsen  j\u00e4lkel\u00e4isille, h\u00e4nen j\u00e4lkel\u00e4isilleen jne. Mutaatiosta tulee siis  mutaation saaneesta lapsesta alkavan sukuhaaran korvamerkki.  Mutaatioista kyet\u00e4\u00e4n p\u00e4\u00e4ttelem\u00e4\u00e4n ja ennustamaan, kuinka kauan sitten  kyseinen sukuhaara syntyi ja kuinka monta sukupolvea sitten kahden  &#8221;geenisukulaisen&#8221; viimeinen yhteinen esivanhempi on el\u00e4nyt. Niiden  perusteella tiedemiehet kykenev\u00e4t hahmottamaan kyseisen &#8221;klaanin&#8221;  vaellusreitin reitin maapallolla.<\/li><li> Vertaamalla DNA-n\u00e4ytteiden kokonaisperim\u00e4\u00e4,&nbsp;l\u00f6ydet\u00e4\u00e4n &#8221;et\u00e4serkkuja&#8221;.&nbsp;&nbsp;Samoista esivanhemmista polveutuvissa ihmisiss\u00e4 (serkuksissa) on viel\u00e4 monen sukupolven kuluttua niin paljon yhteist\u00e4 kokonaisperim\u00e4\u00e4, ett\u00e4 sukulaisuus kyet\u00e4\u00e4n p\u00e4\u00e4ttelem\u00e4\u00e4n.<\/li><\/ol>\n\n\n\n<h4>Kolmentyyppisi\u00e4 testej\u00e4 \/5\/<\/h4>\n\n\n\n<ol><li>Is\u00e4linjatesti eli Y-kromosomiin perustuvaa Y-DNA-testi miehille.<ul><li>Is\u00e4linjatesti antaa tietoa biologisesta is\u00e4-is\u00e4-is\u00e4-linjasta.<\/li><li>Sit\u00e4 k\u00e4ytet\u00e4\u00e4n esimerkiksi aviottoman lapsen is\u00e4n etsinn\u00e4ss\u00e4 sek\u00e4 sukuseurojen kantapariskunnan  eri j\u00e4lkek\u00e4ishaarojen kartoituksessa.<\/li><\/ul><\/li><li>\u00c4itilinjatesti eli mitokondrio-DNA:han perustuva mtDNA-testi sek\u00e4 naisille ett\u00e4 miehille.<ul><li>\u00c4itilinjatesti antaa tietoa biologisesta \u00e4iti-\u00e4iti-\u00e4iti-linjasta.<\/li><li>Se sopii esimerkiksi suvun naisten el\u00e4m\u00e4st\u00e4 tai jonkin esi\u00e4idin juurista kiinnostuneille sek\u00e4 adoptiolapsille, jotka eiv\u00e4t tied\u00e4 \u00e4iti\u00e4\u00e4n tai tunne \u00e4itins\u00e4 puolen sukua.<\/li><\/ul><\/li><li>Et\u00e4serkkutesti eli autosomaali-DNA:han perustuva kaikkia sukulinjokja selvitt\u00e4v\u00e4 testi naisille ett\u00e4 miehille.<ul><li>Et\u00e4serkkutesti antaa tietoa kaikista sukulaisista noin 5 &#8211; 6 sukupolven ajalta, joskus kauempaakin.<\/li><li>Et\u00e4serkkutestej\u00e4 k\u00e4ytet\u00e4\u00e4n muun muassa tuntemattomien esivanhempien selvitt\u00e4misess\u00e4, tehdyn sukuselvityksen varmentamisessa tai kumoamisessa sek\u00e4 el\u00e4vien sukulaisten etsimisess\u00e4.<\/li><li>Esimerkiksi &#8221;amerikanserkkuja&#8221; l\u00f6ytyy t\u00e4m\u00e4n testin perusteella varmasti.<\/li><\/ul><\/li><\/ol>\n\n\n\n<h3>Geneettinen sukutausta Suomessa<\/h3>\n\n\n\n<p><a rel=\"noreferrer noopener\" href=\"https:\/\/geneviz.aalto.fi\/genetic_ancestry_finland\/\" target=\"_blank\">Geneettinen sukutausta Suomessa<\/a> -sivuston avulla voi tarkastella kuntatasolla v\u00e4est\u00f6n geneettist\u00e4 alkuper\u00e4\u00e4. Aineisto on Terveyden ja hyvinvoinnin laitokselta (THL). Sovelluksessa aluksi tulee valita kieli (FI) ja esittelysivun j\u00e4lkeen voit siirty\u00e4 varsinaiseen sovellukseen.<\/p>\n\n\n\n<p>Valittavana on kolme tarkastelutasoa:<\/p>\n\n\n\n<ul><li>2 ryhm\u00e4\u00e4: It\u00e4 \/ L\u00e4nsi<\/li><li>6 ryhm\u00e4\u00e4: L\u00e4nsi-Lappi, Savo-Karjala, Kainuu, Kuusamo, Pohjanmaa, Lounais-Suomi<\/li><li>10 ryhm\u00e4\u00e4: L\u00e4nsi-Lappi, It\u00e4-Lappi, Savo-Karjala, Kainuu, Kuusamo, Kokkola, Pohjanmaa, Keski-Suomi, Luovutettu Karjala, Lounais-Suomi.<\/li><\/ul>\n\n\n\n<p>Tarkastelutasolla &#8221;10 ryhm\u00e4\u00e4&#8221; luovutetusta Karjalasta per\u00e4isin oleva perim\u00e4 on n\u00e4ht\u00e4viss\u00e4 kuntien jakaumissa. Tarkasteluvaihtoehtoina ovat lis\u00e4ksi &#8221;Sukutausta kunnassa&#8221; tai &#8221;Muutokset alueella&#8221;. J\u00e4lkimm\u00e4isest\u00e4 n\u00e4kyy monissa kunnissa karjalaisen v\u00e4est\u00f6n osuuden kasvu 1940-luvulta alkaen.<\/p>\n\n\n\n<h3>Suomenkielist\u00e4 kirjallisuutta<\/h3>\n\n\n\n<h4>Juuresi n\u00e4kyv\u00e4t: Geneettisen sukututkimuksen ABC<\/h4>\n\n\n\n<p>Juuresi n\u00e4kyv\u00e4t on geneettisen sukututkimuksen harrastajille suunnattu  suomenkielinen perusteos, jossa on sek\u00e4 k\u00e4yt\u00e4nt\u00f6\u00e4 ett\u00e4 teoriaa. Se  sis\u00e4lt\u00e4\u00e4 geneettisen sukututkijan ty\u00f6kalupakin sek\u00e4 keinoja ymm\u00e4rt\u00e4\u00e4 ja  analysoida itse tuloksia. Geneettinen sukututkimus on sidoksissa tieteen  eturintamaan eli genomitietoon ja DNA-testeihin. \/<a href=\"http:\/\/ekirjasto.kirjastot.fi\/en\/ekirjat\/juuresi-nakyvat-geneettisen-sukututkimuksen-abc\" target=\"_blank\" rel=\"noreferrer noopener\" aria-label=\"6 (avautuu uudessa v\u00e4lilehdess\u00e4)\">6<\/a>\/<\/p>\n\n\n\n<p><a rel=\"noreferrer noopener\" aria-label=\"Marja Pirttivaaran (avautuu uudessa v\u00e4lilehdess\u00e4)\" href=\"https:\/\/fi.wikipedia.org\/wiki\/Marja_Pirttivaara\" target=\"_blank\">Marja Pirttivaaran<\/a> kirja (208 sivua) on ensimm\u00e4inen suomenkielinen geneettisest\u00e4 sukututkimuksesta: <strong>Juuresi n\u00e4kyv\u00e4t<\/strong>: Geneettisen sukututkimuksen ABC.  Kirja on saatavissa sidottuna (ISBN 9789522344816) ja s\u00e4hk\u00f6isen\u00e4 ekirjana (ISBN 9789522345639).<\/p>\n\n\n\n<h4>Johdatus geneettisen sukututkimukseen<\/h4>\n\n\n\n<p>Suomen Sukututkimusseura on julkaissut lyhyen johdatuksen geneettiseen sukututkimukseen. Oppaassa kerrotaan, mit\u00e4 geneettisell\u00e4 sukututkimuksella tarkoitetaan ja mit\u00e4 harrastuksen parissa toimivat tekev\u00e4t. Lis\u00e4ksi esitell\u00e4\u00e4n DNA-kuluttajatestej\u00e4 tarjoavan Family Tree DNA:n testivalikoimaa, ts. mit\u00e4 testej\u00e4 on tarjolla ja millaista tietoa niill\u00e4 voidaan saada. Oppaassa selostetaan my\u00f6s kuinka voi rakentaa omaa sukulinjaansa haplopuussa.<\/p>\n\n\n\n<p>P. T. Kuusiluoman toimittama opas on Suomen Sukututkimusseuran oppaita vuodelta 2017 \/<a href=\"https:\/\/kauppa.genealogia.fi\/product\/133\/johdatus-geneettiseen-sukututkimukseen-2017\" target=\"_blank\" rel=\"noreferrer noopener\">7<\/a>\/. Se on saatavissa s\u00e4hk\u00f6isess\u00e4 muodossa PDF-tiedostona (ISBN 978-952-5130-18-8. ISSN 1799-5795) ja kirjana (ISBN 9789525130201) sis\u00e4lt\u00e4en 47 sivua.<\/p>\n\n\n\n<h4>Homo europaeus  &#8211; Eurooppalaisen ihmisen pitk\u00e4 historia<\/h4>\n\n\n\n<p>54 000 vuotta kattava tarina eurooppalaisten alkuper\u00e4st\u00e4, DNA:sta ja sukututkimuksesta. Sen lis\u00e4ksi, ett\u00e4 teos valottaa eurooppalaisten keskin\u00e4isi\u00e4 sukulaisuussuhteita, se on matka yhteiseen historiaamme ja eurooppalaisen ihmisen kehitysvaiheisiin. \/<a rel=\"noreferrer noopener\" href=\"https:\/\/www.minervakustannus.fi\/kirjat\/kirja.php?kirja=1277\" target=\"_blank\">8<\/a>\/<\/p>\n\n\n\n<p>Ruotsalaisen <a rel=\"noreferrer noopener\" href=\"https:\/\/www.minervakustannus.fi\/kirjailijat\/index.php?kirjailija=871\" target=\"_blank\">Karin Bojs<\/a>:n kirja (473 sivua) on saatavissa s\u00e4hk\u00f6isen\u00e4 (ISBN 9789523123939) ett\u00e4 sidottuna (ISBN 9789523123526). Kirjan on suomentanut J\u00e4nis Louhivuori.<\/p>\n\n\n\n<h4>Homo Fennicus&nbsp;\u2013 It\u00e4merensuomalaisten etnohistoria<\/h4>\n\n\n\n<p>Mist\u00e4 suomalaiset tulevat? Minne suomensukuisten kansojen juuret ulottuvat? Mit\u00e4 kieli, geenit ja arkeologia kertovat it\u00e4merensuomalaisten historiasta?&nbsp;Virolaisen arkeologian professorin Valter Langin uutuuskirja&nbsp;Homo Fennicus&nbsp;johdattaa lukijan suomensukuisten kansojen syntysijoille. \/9\/<\/p>\n\n\n\n<p>Lang yhdistelee arkeologian, kielitieteen ja geenitutkimuksen tutkimustuloksia ja piirt\u00e4\u00e4 aikaisempaa tarkemman kuvan it\u00e4merensuomen synnyst\u00e4 ja suomalaisten varhaishistoriasta. Teoksessa esitet\u00e4\u00e4n my\u00f6s ensimm\u00e4ist\u00e4 kertaa rinnastus populaatiogenetiikan havaintojen ja kielentutkimuksen ja arkeologian tutkimustulosten v\u00e4lille: Langin mukaan kulttuuriset vaikutteet id\u00e4st\u00e4 levi\u00e4v\u00e4t ja painottuvat samoja reittej\u00e4 tiettyjen DNA:n haploryhmien kanssa. \/9\/<\/p>\n\n\n\n<p>Valter Lang: <em>Homo Fennicus<\/em>&nbsp;<em>\u2013 It\u00e4merensuomalaisten etnohistoria<\/em> (405 sivua) ISBN 978-951-858-130-0 (2020), kustantaja: Suomalaisen Kirjallisuuden Seura. Kirjasta on my\u00f6s pdf-versio ja se on saatavana ekirjana ISBN 978-951-858-229-1. Kirjan on suomentanut Hannu Oittinen.<\/p>\n\n\n\n<p class=\"lahdeluettelo\">L\u00e4hteet<\/p>\n\n\n\n<ol class=\"lahdeluettelo\"><li><a rel=\"noreferrer noopener\" aria-label=\"https:\/\/www.karjalansivistysseura.fi\/suvut\/geneettinen-sukututkimus\/ (avautuu uudessa v\u00e4lilehdess\u00e4)\" href=\"https:\/\/www.karjalansivistysseura.fi\/suvut\/geneettinen-sukututkimus\/\" target=\"_blank\">https:\/\/www.karjalansivistysseura.fi\/suvut\/geneettinen-sukututkimus\/<\/a> Viitattu 13.3.2020<\/li><li><a rel=\"noreferrer noopener\" aria-label=\"https:\/\/www.familytreedna.com\/groups\/finland\/about (avautuu uudessa v\u00e4lilehdess\u00e4)\" href=\"https:\/\/www.familytreedna.com\/groups\/finland\/about\" target=\"_blank\">https:\/\/www.familytreedna.com\/groups\/finland\/about<\/a> Viitattu 13.3.2020<\/li><li><a rel=\"noreferrer noopener\" aria-label=\"https:\/\/www.familytreedna.com\/groups\/karjaladna\/about\/background (avautuu uudessa v\u00e4lilehdess\u00e4)\" href=\"https:\/\/www.familytreedna.com\/groups\/karjaladna\/about\/background\" target=\"_blank\">https:\/\/www.familytreedna.com\/groups\/karjaladna\/about\/background<\/a> Viitattu 13.3.2020<\/li><li><a rel=\"noreferrer noopener\" aria-label=\"https:\/\/www.kurrinsuku.net\/3 (avautuu uudessa v\u00e4lilehdess\u00e4)\" href=\"https:\/\/www.kurrinsuku.net\/3\" target=\"_blank\">https:\/\/www.kurrinsuku.net\/3<\/a> Viitattu 13.3.2020<\/li><li>Pirttivaara Marja: Geneettinen sukututkimus kiehtoo, Teoksessa Mit\u00e4 Miss\u00e4 Milloin 2020, Toimittanut Ulla B\u00f6hling, Sivut 274 &#8211; 279 (2019) ISBN 978-951-1-34399-8<\/li><li><a rel=\"noreferrer noopener\" aria-label=\"http:\/\/ekirjasto.kirjastot.fi\/en\/ekirjat\/juuresi-nakyvat-geneettisen-sukututkimuksen-abc (avautuu uudessa v\u00e4lilehdess\u00e4)\" href=\"http:\/\/ekirjasto.kirjastot.fi\/en\/ekirjat\/juuresi-nakyvat-geneettisen-sukututkimuksen-abc\" target=\"_blank\">http:\/\/ekirjasto.kirjastot.fi\/en\/ekirjat\/juuresi-nakyvat-geneettisen-sukututkimuksen-abc<\/a> Viitattu 13.3.2020<\/li><li><a rel=\"noreferrer noopener\" href=\"https:\/\/kauppa.genealogia.fi\/product\/133\/johdatus-geneettiseen-sukututkimukseen-2017\" target=\"_blank\">https:\/\/kauppa.genealogia.fi\/product\/133\/johdatus-geneettiseen-sukututkimukseen-2017<\/a> Viitattu 29.8.2020<\/li><li><a rel=\"noreferrer noopener\" href=\"https:\/\/www.minervakustannus.fi\/kirjat\/kirja.php?kirja=1277\" target=\"_blank\">https:\/\/www.minervakustannus.fi\/kirjat\/kirja.php?kirja=1277<\/a> Viitattu 29.8.2020<\/li><li><a href=\"https:\/\/www.epressi.com\/tiedotteet\/kustannustoiminta\/mista-suomalaiset-tulevat-kaanteentekeva-tietokirja-homo-fennicus-jaljittaa-alkuperaamme-geenien-arkeologian-ja-kielentutkimuksen-keinoin.html\" target=\"_blank\" rel=\"noreferrer noopener\">https:\/\/www.epressi.com\/tiedotteet\/kustannustoiminta\/mista-suomalaiset-tulevat-kaanteentekeva-tietokirja-homo-fennicus-jaljittaa-alkuperaamme-geenien-arkeologian-ja-kielentutkimuksen-keinoin.html<\/a> Viitattu 16.9.2020<\/li><\/ol>\n\n\n\n<p><\/p>\n","protected":false},"excerpt":{"rendered":"<p>Geneettist\u00e4 sukututkimusta on k\u00e4ytetty perinteisen sukututkimuksen apuna jo 2000-luvun alkuvuosista saakka. Vuonna 2006 tietoisuus geneettisest\u00e4 sukututkimuksesta Suomessa kasvoi Lauri Koskisen FamilytreeDNA-palveluun perustaman SuomiDNA-projektin my\u00f6t\u00e4. \/1\/ SuomiDNA-projekti Suomi DNA projekti auttaa suomalaisia ja Suomessa asuvia sek\u00e4 muita, joilla on suomalaisia juuria, l\u00f6yt\u00e4m\u00e4\u00e4n esivanhempiaan ja sukulaisiaan sek\u00e4 selvitt\u00e4m\u00e4\u00e4n juuriaan geneettisen sukututkimuksen avulla. Finland DNA-projektin DNA-testien vertailutiedot palvelevat [&hellip;]<\/p>\n","protected":false},"author":2,"featured_media":0,"parent":498,"menu_order":5,"comment_status":"closed","ping_status":"closed","template":"","meta":[],"_links":{"self":[{"href":"http:\/\/www.taljansuku.com\/tss\/wp-json\/wp\/v2\/pages\/475"}],"collection":[{"href":"http:\/\/www.taljansuku.com\/tss\/wp-json\/wp\/v2\/pages"}],"about":[{"href":"http:\/\/www.taljansuku.com\/tss\/wp-json\/wp\/v2\/types\/page"}],"author":[{"embeddable":true,"href":"http:\/\/www.taljansuku.com\/tss\/wp-json\/wp\/v2\/users\/2"}],"replies":[{"embeddable":true,"href":"http:\/\/www.taljansuku.com\/tss\/wp-json\/wp\/v2\/comments?post=475"}],"version-history":[{"count":32,"href":"http:\/\/www.taljansuku.com\/tss\/wp-json\/wp\/v2\/pages\/475\/revisions"}],"predecessor-version":[{"id":969,"href":"http:\/\/www.taljansuku.com\/tss\/wp-json\/wp\/v2\/pages\/475\/revisions\/969"}],"up":[{"embeddable":true,"href":"http:\/\/www.taljansuku.com\/tss\/wp-json\/wp\/v2\/pages\/498"}],"wp:attachment":[{"href":"http:\/\/www.taljansuku.com\/tss\/wp-json\/wp\/v2\/media?parent=475"}],"curies":[{"name":"wp","href":"https:\/\/api.w.org\/{rel}","templated":true}]}}