{"id":498,"date":"2020-03-13T22:56:34","date_gmt":"2020-03-13T20:56:34","guid":{"rendered":"http:\/\/www.taljansuku.com\/tss\/?page_id=498"},"modified":"2020-03-14T09:32:11","modified_gmt":"2020-03-14T07:32:11","slug":"sukututkimus","status":"publish","type":"page","link":"http:\/\/www.taljansuku.com\/tss\/suku\/sukututkimus\/","title":{"rendered":"Sukututkimus"},"content":{"rendered":"\n<p><strong>Sukututkimus<\/strong> eli <strong>genealogia<\/strong> on <a href=\"https:\/\/fi.wikipedia.org\/wiki\/Historia\">historian<\/a> aputiede, jonka tutkimuskohteena ovat ihmisten v\u00e4liset <a href=\"https:\/\/fi.wikipedia.org\/wiki\/Sukulainen\">sukulaisuussuhteet<\/a> ja sukujen historia. Sukututkimusta on perinteinen arkistol\u00e4hteisiin perustuva sukututkimus ja <a href=\"https:\/\/fi.wikipedia.org\/wiki\/Geneettinen_sukututkimus\">geneettinen sukututkimus<\/a>. \/1\/<\/p>\n\n\n\n<p>Sukututkimuksen perustietol\u00e4hteit\u00e4 ovat <a href=\"https:\/\/fi.wikipedia.org\/wiki\/Kirkonkirja\">kirkonkirjat<\/a>. Uusimmat kirkonkirjat sijaitsevat asianomaisten paikkakuntien kirkkoherranvirastoissa. Vanhoja kirkonkirjoja voi l\u00f6yt\u00e4\u00e4 <a href=\"https:\/\/fi.wikipedia.org\/wiki\/Maakunta-arkisto\">maakunta-arkistoista<\/a> ja <a href=\"https:\/\/fi.wikipedia.org\/wiki\/Kansallisarkisto\">kansallisarkistosta<\/a>. Kullakin kirkkokunnalla on omat kirkonkirjansa.   Esivalta on ker\u00e4nnyt tietoja vuodesta 1634 henkiverovelvollisesta  v\u00e4est\u00f6st\u00e4 henkikirjoiksi l\u00e4hinn\u00e4 verotusta varten. Vanhempia, aina  1530-luvulle asti menevi\u00e4 tietoja on maakirjoissa, joita ei kuitenkaan  ole it\u00e4- ja pohjois-Suomesta.  Henkikirjojen ja maakirjojen tietoja t\u00e4ydent\u00e4v\u00e4t monet muut  veroluettelot kuten kymmenysveroluettelot, karja- ja kylv\u00f6veroluettelot  ja hopeaveroluettelot. Veroluetteloista saa tietoa suvun omaisuudesta ja  yhteiskunnallisesta asemasta. Sotilasrullista on hy\u00f6ty\u00e4 suvun  sotilaiden tutkimisessa. K\u00e4r\u00e4jien tuomiokirjoista voi l\u00f6yt\u00e4\u00e4 tietoja  k\u00e4r\u00e4j\u00e4asioihin osallisista, maakaupoista, rikostuomioista ja vaikkapa  riitatapauksien v\u00e4rikk\u00e4it\u00e4 kuvauksia. \/1\/<\/p>\n\n\n\n<p>Sukututkimuksen alueella toimivat  Vuonna 1917 perustettu <a href=\"https:\/\/fi.wikipedia.org\/wiki\/Suomen_Sukututkimusseura\">Suomen Sukututkimusseura<\/a> ja  <a href=\"https:\/\/fi.wikipedia.org\/wiki\/Suomen_Sukuhistoriallinen_yhdistys\">Suomen Sukuhistoriallinen yhdistys<\/a>  ry. (SSHY). SSHY hallinnoi ja yll\u00e4pit\u00e4\u00e4 digitaalista arkistoa, josta l\u00f6ytyy  mikrofilmeilt\u00e4 skannattuja kirkonkirjojen sivuja internetin kautta  vapaasti selattavana. \/1\/<\/p>\n\n\n\n<p>Taljan suvun tutkimisen aloitti Mattias Talja. Taljan Sukuseuran perustamiskokouksessa h\u00e4n luovutti vuosien ajan ker\u00e4\u00e4m\u00e4ns\u00e4 aineistonsa sukuseuralle.<\/p>\n\n\n\n<h3>Taljan Sukukirja<\/h3>\n\n\n\n<p>Mattias Taljan aloittamaa ty\u00f6t\u00e4 jatkoi  Marja-Liisa Huovinen yhdess\u00e4 puolisonsa Kari Koiviston kanssa. Monivuotisen uurastuksen j\u00e4lkeen 22.3.2014 julkaistiin Marja-Liisan toimittama kirja &#8221;Taljan suku&#8221;. Toimittajalla oli tukenaan kirjaryhm\u00e4, johon kuuluivat Aila Alasalmi, Marja-Liisa Huovinen, Kari Koivisto, Matti Pyylampi ja Pekka Talja.<\/p>\n\n\n\n<h3>Geneettinen sukututkimus<\/h3>\n\n\n\n<p>DNA-sukututkimuksessa tutkitaan henkil\u00f6n DNA-n\u00e4ytett\u00e4. N\u00e4yte  pyyhk\u00e4ist\u00e4\u00e4n itse posken sis\u00e4pinnasta n\u00e4ytepuikolla. DNA sis\u00e4lt\u00e4\u00e4 ihmisen  perim\u00e4n,&nbsp;geenit, jotka lapsi saa biologisilta vanhemmiltaan.  DNA-sukututkimus antaa vastauksia kysymyksiin henkil\u00f6n&nbsp;esihistoriasta ja l\u00f6yt\u00e4\u00e4  geenisukulaisia.<\/p>\n\n\n\n<p>Taljan Sukuseura on p\u00e4\u00e4tt\u00e4nyt aloittaa geneettisen sukututkimuksen. Parhaillaan asiasta kootaan tietoa, haastatellaan asiantuntijoita ja valitaan vapaaehtoiset henkil\u00f6t geenitesteihin.<\/p>\n\n\n\n<p>Lue lis\u00e4\u00e4 <a href=\"http:\/\/www.taljansuku.com\/tss\/suku\/sukututkimus\/dna-sukututkimus\/\" target=\"_blank\" rel=\"noreferrer noopener\" aria-label=\"geneettisest\u00e4 sukututkimuksesta (avautuu uudessa v\u00e4lilehdess\u00e4)\">geneettisest\u00e4 sukututkimuksesta<\/a>.<\/p>\n\n\n\n<h3>Karjala-tietokanta<\/h3>\n\n\n\n<p>Karjala-tietokantaan tallennetaan henkil\u00f6tietoja Kansallisarkiston Mikkelin toimipaikassa s\u00e4ilytett\u00e4vien luovutetun alueen seurakuntien vuosien 1700-1949 kirkonkirjoista.  Luovutetun Karjalan evankelisluterilaisten ja ortodoksisten seurakuntien (yht. 70) kirkonkirjojen henkil\u00f6tiedoista koostettu tutkimustietokanta koostuu 11,5 miljoonasta henkil\u00f6tietueesta. Ne ovat kaikkien vapaasti k\u00e4ytett\u00e4viss\u00e4 lukuun ottamatta 100 vuotta nuorempaa aineistoa.<\/p>\n\n\n\n<p>Lue lis\u00e4\u00e4 <a href=\"http:\/\/www.taljansuku.com\/tss\/suku\/sukututkimus\/karjala-tietokanta\/\" target=\"_blank\" rel=\"noreferrer noopener\" aria-label=\"Karjala-tietokannasta (avautuu uudessa v\u00e4lilehdess\u00e4)\">Karjala-tietokannasta<\/a>!<\/p>\n\n\n\n<p class=\"lahdeluettelo\">L\u00e4hteet:<\/p>\n\n\n\n<ol class=\"lahdeluettelo\"><li><a href=\"https:\/\/fi.wikipedia.org\/wiki\/Sukututkimus\" target=\"_blank\" rel=\"noreferrer noopener\" aria-label=\"https:\/\/fi.wikipedia.org\/wiki\/Sukututkimus (avautuu uudessa v\u00e4lilehdess\u00e4)\">https:\/\/fi.wikipedia.org\/wiki\/Sukututkimus<\/a> Viitattu 14.3.2020<\/li><\/ol>\n","protected":false},"excerpt":{"rendered":"<p>Sukututkimus eli genealogia on historian aputiede, jonka tutkimuskohteena ovat ihmisten v\u00e4liset sukulaisuussuhteet ja sukujen historia. Sukututkimusta on perinteinen arkistol\u00e4hteisiin perustuva sukututkimus ja geneettinen sukututkimus. \/1\/ Sukututkimuksen perustietol\u00e4hteit\u00e4 ovat kirkonkirjat. Uusimmat kirkonkirjat sijaitsevat asianomaisten paikkakuntien kirkkoherranvirastoissa. Vanhoja kirkonkirjoja voi l\u00f6yt\u00e4\u00e4 maakunta-arkistoista ja kansallisarkistosta. Kullakin kirkkokunnalla on omat kirkonkirjansa. Esivalta on ker\u00e4nnyt tietoja vuodesta 1634 henkiverovelvollisesta v\u00e4est\u00f6st\u00e4 [&hellip;]<\/p>\n","protected":false},"author":2,"featured_media":0,"parent":90,"menu_order":2,"comment_status":"closed","ping_status":"closed","template":"","meta":[],"_links":{"self":[{"href":"http:\/\/www.taljansuku.com\/tss\/wp-json\/wp\/v2\/pages\/498"}],"collection":[{"href":"http:\/\/www.taljansuku.com\/tss\/wp-json\/wp\/v2\/pages"}],"about":[{"href":"http:\/\/www.taljansuku.com\/tss\/wp-json\/wp\/v2\/types\/page"}],"author":[{"embeddable":true,"href":"http:\/\/www.taljansuku.com\/tss\/wp-json\/wp\/v2\/users\/2"}],"replies":[{"embeddable":true,"href":"http:\/\/www.taljansuku.com\/tss\/wp-json\/wp\/v2\/comments?post=498"}],"version-history":[{"count":10,"href":"http:\/\/www.taljansuku.com\/tss\/wp-json\/wp\/v2\/pages\/498\/revisions"}],"predecessor-version":[{"id":516,"href":"http:\/\/www.taljansuku.com\/tss\/wp-json\/wp\/v2\/pages\/498\/revisions\/516"}],"up":[{"embeddable":true,"href":"http:\/\/www.taljansuku.com\/tss\/wp-json\/wp\/v2\/pages\/90"}],"wp:attachment":[{"href":"http:\/\/www.taljansuku.com\/tss\/wp-json\/wp\/v2\/media?parent=498"}],"curies":[{"name":"wp","href":"https:\/\/api.w.org\/{rel}","templated":true}]}}