{"id":663,"date":"2020-06-20T14:09:18","date_gmt":"2020-06-20T12:09:18","guid":{"rendered":"http:\/\/www.taljansuku.com\/tss\/?page_id=663"},"modified":"2021-02-17T22:44:41","modified_gmt":"2021-02-17T20:44:41","slug":"vuoksenranta","status":"publish","type":"page","link":"http:\/\/www.taljansuku.com\/tss\/kotiseutu-karjalankannas\/vuoksenranta\/","title":{"rendered":"Vuoksenranta"},"content":{"rendered":"\n<p><strong>Vuoksenranta<\/strong> oli Suomen kunta Etel\u00e4-Karjalassa Karjalankannaksella Vuoksen rannalla Neuvostoliitolle 1944 luovutetulla alueella. Kunnan pinta-ala oli 300,22 km\u00b2, josta maapinta-alaa 270,62 km\u00b2 ja vesipinta-alaa 29,60 km\u00b2. Kunnassa oli asukkaita 3 602 (1939). V\u00e4est\u00f6tiheys oli 13,3 as.\/km\u00b2. Kunnan peltopinta-ala oli 3 394 ha eli 15,2&nbsp;% ja tiloja, joiden viljelypinta-ala oli v\u00e4hint\u00e4\u00e4n 25 ha oli 9 kpl vuonna 1932. \/1\/<\/p>\n\n\n\n<p>P\u00e4iv\u00e4n pituus Vuoksenrannassa t\u00e4n\u00e4\u00e4n maanantaina 27.4.2026 on  15 tuntia 46 minuuttia (05:06 - 20:52). Kellonajat ovat Suomen aikaa.<\/p>\n\n\n\n<p>Vuoksenrannan kyl\u00e4t \/1\/:<\/p>\n\n\n\n<ul><li>Karkiala (Karkeala)<\/li><li>Kaskiselk\u00e4<\/li><li>Korpilahti <\/li><li>Kuivaniemi <\/li><li>Oravankyt\u00f6 <\/li><li>Parsikanmaa <\/li><li>P\u00f6yryniemi<\/li><li>Sintola<\/li><li>Taljala<\/li><li>Virkinniemi<\/li><\/ul>\n\n\n\n<p><em>Sivu on viel\u00e4 kesken &#8211; sivua t\u00e4ydennet\u00e4\u00e4n piakkoin!<\/em><\/p>\n\n\n\n<p class=\"lahdeluettelo\">L\u00e4hteet:<\/p>\n\n\n\n<ol class=\"lahdeluettelo\"><li><a href=\"https:\/\/fi.wikipedia.org\/wiki\/Vuoksenranta\">https:\/\/fi.wikipedia.org\/wiki\/Vuoksenranta<\/a> Viitattu 20.6.2020<\/li><\/ol>\n","protected":false},"excerpt":{"rendered":"<p>Vuoksenranta oli Suomen kunta Etel\u00e4-Karjalassa Karjalankannaksella Vuoksen rannalla Neuvostoliitolle 1944 luovutetulla alueella. Kunnan pinta-ala oli 300,22 km\u00b2, josta maapinta-alaa 270,62 km\u00b2 ja vesipinta-alaa 29,60 km\u00b2. Kunnassa oli asukkaita 3 602 (1939). V\u00e4est\u00f6tiheys oli 13,3 as.\/km\u00b2. Kunnan peltopinta-ala oli 3 394 ha eli 15,2&nbsp;% ja tiloja, joiden viljelypinta-ala oli v\u00e4hint\u00e4\u00e4n 25 ha oli 9 kpl vuonna [&hellip;]<\/p>\n","protected":false},"author":2,"featured_media":0,"parent":687,"menu_order":1,"comment_status":"closed","ping_status":"closed","template":"","meta":[],"_links":{"self":[{"href":"http:\/\/www.taljansuku.com\/tss\/wp-json\/wp\/v2\/pages\/663"}],"collection":[{"href":"http:\/\/www.taljansuku.com\/tss\/wp-json\/wp\/v2\/pages"}],"about":[{"href":"http:\/\/www.taljansuku.com\/tss\/wp-json\/wp\/v2\/types\/page"}],"author":[{"embeddable":true,"href":"http:\/\/www.taljansuku.com\/tss\/wp-json\/wp\/v2\/users\/2"}],"replies":[{"embeddable":true,"href":"http:\/\/www.taljansuku.com\/tss\/wp-json\/wp\/v2\/comments?post=663"}],"version-history":[{"count":11,"href":"http:\/\/www.taljansuku.com\/tss\/wp-json\/wp\/v2\/pages\/663\/revisions"}],"predecessor-version":[{"id":964,"href":"http:\/\/www.taljansuku.com\/tss\/wp-json\/wp\/v2\/pages\/663\/revisions\/964"}],"up":[{"embeddable":true,"href":"http:\/\/www.taljansuku.com\/tss\/wp-json\/wp\/v2\/pages\/687"}],"wp:attachment":[{"href":"http:\/\/www.taljansuku.com\/tss\/wp-json\/wp\/v2\/media?parent=663"}],"curies":[{"name":"wp","href":"https:\/\/api.w.org\/{rel}","templated":true}]}}