{"id":839,"date":"2021-01-30T11:27:17","date_gmt":"2021-01-30T09:27:17","guid":{"rendered":"http:\/\/www.taljansuku.com\/tss\/?page_id=839"},"modified":"2021-11-27T17:37:49","modified_gmt":"2021-11-27T15:37:49","slug":"taljan-sukuseura-osana-karjalaista-yhteisoa","status":"publish","type":"page","link":"http:\/\/www.taljansuku.com\/tss\/sukuseura\/taljan-sukuseura-osana-karjalaista-yhteisoa\/","title":{"rendered":"Taljan Sukuseura osana karjalaista yhteis\u00f6\u00e4"},"content":{"rendered":"\n<p>Kannakselaisena sukuna olemme osa karjalaista yhteis\u00f6\u00e4 ja kulttuuriperint\u00f6\u00e4. Teht\u00e4v\u00e4n\u00e4mme on vaalia suvun perinteit\u00e4 ja siirt\u00e4\u00e4 niit\u00e4 seuraaville sukupolville. Sukuseurana kuulumme&nbsp;<a rel=\"noreferrer noopener\" href=\"https:\/\/www.karjalanliitto.fi\/karjalan-liitto\/jasenyhteisot\/piiri-ja-liittoyhdistykset\/karjalaisten-sukuyhteisojen-liitto-ry.html\" target=\"_blank\">Karjalaisten Sukuyhteis\u00f6jen Liitto ry<\/a><a href=\"https:\/\/www.karjalanliitto.fi\/karjalan-liitto\/jasenyhteisot\/piiri-ja-liittoyhdistykset\/karjalaisten-sukuyhteisojen-liitto-ry.html\">:<\/a>n ja <a rel=\"noreferrer noopener\" href=\"https:\/\/www.karjalanliitto.fi\/\" target=\"_blank\">Karjalan Liitto ry<\/a>:n. Yhdess\u00e4 osana karjalaista yhteis\u00f6\u00e4 pystymme hoitamaan karjalaisuuden vaalimista huomattavasti paremmin kuin yksin. Lis\u00e4ksi Karjalan Liittoon kuuluminen tuottaa sukuseuran j\u00e4senelle etuja.<\/p>\n\n\n\n<h4>Karjalaisten Sukuyhteis\u00f6jen Liitto<\/h4>\n\n\n\n<p><a rel=\"noreferrer noopener\" href=\"https:\/\/www.karjalanliitto.fi\/karjalan-liitto\/jasenyhteisot\/piiri-ja-liittoyhdistykset\/karjalaisten-sukuyhteisojen-liitto-ry.html\" target=\"_blank\">Karjalaisten Sukuyhteis\u00f6jen Liitto ry<\/a> (KSYL) on <a rel=\"noreferrer noopener\" href=\"https:\/\/www.karjalanliitto.fi\/\" target=\"_blank\">Karjalan Liitto ry<\/a>:n piirij\u00e4rjest\u00f6. KSYL edustaa sukuja ja sukuseuroja ja ajaa niiden asiaa Karjalan Liitossa ja laajemminkin Karjalan Liiton kautta. Toisaalta KSYL tuo karjalaisen yhteis\u00f6n ja sit\u00e4 edustavan Karjalan Liiton tuottamia mahdollisuuksia sukuseurojen k\u00e4ytt\u00f6\u00f6n.<\/p>\n\n\n\n<p>Karjalaisten Sukuyhteis\u00f6jen Liitto ry. muodostuu noin 50 <a rel=\"noreferrer noopener\" href=\"https:\/\/www.karjalanliitto.fi\/karjalan-liitto\/jasenyhteisot\/sukuseurat\" target=\"_blank\">sukuseurasta<\/a>. KSYL on Karjalan Liiton rakenteessa itsen\u00e4inen toimija, jossa p\u00e4\u00e4t\u00f6svaltaa k\u00e4ytt\u00e4v\u00e4t sukuseurojen edustajat vuosikokouksessa. Vuosikokousten v\u00e4lill\u00e4 KSYL:ss\u00e4 p\u00e4\u00e4t\u00f6kset tekee vuosikokouksessa valittu KSYL:n<a rel=\"noreferrer noopener\" href=\"https:\/\/www.karjalanliitto.fi\/karjalan-liitto\/jasenyhteisot\/piiri-ja-liittoyhdistykset\/karjalaisten-sukuyhteisojen-liitto-ry\/yhteystiedot.html\" target=\"_blank\"> hallitus<\/a>. KSYL:ll\u00e4 edustaja on Karjalan Liiton <a rel=\"noreferrer noopener\" href=\"https:\/\/www.karjalanliitto.fi\/karjalan-liitto\/hallinto\/liittohallitus.html\" target=\"_blank\">liittohallituksessa<\/a> ja <a rel=\"noreferrer noopener\" href=\"https:\/\/www.karjalanliitto.fi\/karjalan-liitto\/hallinto\/liittovaltuusto.html\" target=\"_blank\">liittovaltuustossa<\/a>. KSYL:ll\u00e4 ei ole j\u00e4senmaksua, koska sen v\u00e4h\u00e4iset kulut (mm. tilaisuuksien tilat &amp; tarjoilut) maksetaan Karjalan Liiton toimesta. KSYL:n teht\u00e4viss\u00e4 henkil\u00f6t toimivat vapaaehtoisina palkatta. <\/p>\n\n\n\n<p>KSYL osalllistuu aktiivisesti Karjalan Liiton j\u00e4rjest\u00e4miin tapahtumiin ja j\u00e4rjest\u00e4\u00e4 omia tapahtumia. Alla on lista KSYL:n j\u00e4rjest\u00e4mist\u00e4 tapahtumista. Niiden tarkemmat tiedot l\u00f6yd\u00e4t sivulta &#8221;<a rel=\"noreferrer noopener\" href=\"http:\/\/www.taljansuku.com\/tss\/ajankohtaista\/\" target=\"_blank\">Ajankohtaista<\/a>&#8221;.<\/p>\n\n\n\n<ul><li>Kev\u00e4tseminaari<ul><li>Kev\u00e4tseminaariin ovat tervetulleita kaikki sukuseurojen j\u00e4senet.<\/li><li>P\u00e4\u00e4puhuja on p\u00e4\u00e4s\u00e4\u00e4nt\u00f6isesti karjalaisuuteen liittyvien kysymysten asiantuntija.<\/li><li>Karjalan Liiton edustajan (usein puheenjohtaja tai toiminnanjohtaja) katsaus ajankohtaisiin asioihin.<\/li><li>Ohjattu keskustelu (esimerkiksi ryhmiss\u00e4) sukuseuroille ajankohtaisista asioista. Keskustelun keskeinen sis\u00e4lt\u00f6 otetaan huomioon seuraavaa toimintasuunnitelmaa laadittaessa.<\/li><\/ul><\/li><li>Osallistuminen <a rel=\"noreferrer noopener\" href=\"https:\/\/www.karjalaisetkesajuhlat.fi\/\" target=\"_blank\">Karjalaisille kes\u00e4juhlille<\/a><ul><li>KSYL osallistuu Karjalaisille kes\u00e4juhlille ja tuo esille karjalaisia sukuja suku- ja pit\u00e4j\u00e4infossa.<\/li><\/ul><\/li><li>Ty\u00f6seminaari syksyll\u00e4 &#8211; Sukujen p\u00e4iv\u00e4<ul><li>Syksyn ty\u00f6seminaari on suunnattu sukuseurojen vastuuhenkil\u00f6ille.<\/li><\/ul><ul><li>Tilaisuuden antia KSYL:n hallitus purkaa toimintasuunnitelmaan.<\/li><\/ul><\/li><li>Vuosikokous<ul><li>S\u00e4\u00e4nt\u00f6m\u00e4\u00e4r\u00e4inen vuosikokous pidet\u00e4\u00e4n syksyll\u00e4. <\/li><li>Vuosikokous on usein j\u00e4rjestetty Vantaan sukututkijoiden j\u00e4rjest\u00e4m\u00e4n \u201dKuulutko sukuuni\u201d-tapahtuman yhteydess\u00e4. Syksyll\u00e4 2020 vuosikokous j\u00e4rjestettiin nettikokouksena. T\u00e4m\u00e4 tullee olemaan nouseva trendi <em>\u2013<\/em> aiempaa useamman sukuseuran edustajat p\u00e4\u00e4sev\u00e4t osallistumaan vuosikokoukseen pienell\u00e4 vaivalla tietokoneen, tabletin tai puhelimen kautta.<\/li><\/ul><\/li><li>Osallistuminen <a rel=\"noreferrer noopener\" href=\"https:\/\/www.genealogia.fi\/sukututkimuspaivat\" target=\"_blank\">valtakunnallisille sukututkimusp\u00e4iville<\/a><ul><li>KSYL ja osa KSYL:n sukuseuroista ovat olleet usein esill\u00e4 <a rel=\"noreferrer noopener\" href=\"https:\/\/www.genealogia.fi\/etusivu\" target=\"_blank\">Suomen Sukututkimusseura<\/a>n valtakunnallisilla sukututkimusp\u00e4ivill\u00e4. Tilaisuuteen osallistutaan resurssien mukaan.<\/li><\/ul><\/li><\/ul>\n\n\n\n<h4>Karjalan Liitto<\/h4>\n\n\n\n<p>Karjalan Liitto on karjalaisen kulttuurin harrastus- ja kansalaisj\u00e4rjest\u00f6. Karjalan Liitto on keskittynyt karjalaisen kulttuurin esill\u00e4 pitoon, s\u00e4ilytt\u00e4miseen ja uudistamiseen. <a rel=\"noreferrer noopener\" href=\"https:\/\/www.karjalanliitto.fi\/\" target=\"_blank\">Karjalan Liitto ry<\/a> on karjalaisyhteis\u00f6jen valtakunnallinen keskusliitto. <\/p>\n\n\n\n<p>Karjalan Liitto perustettiin heti talvisodan j\u00e4lkeen 20.4.1940. Perustajina olivat Karjalan kunnat, seurakunnat ja maakunnalliset j\u00e4rjest\u00f6t. Karjalan Liitto syntyi etuj\u00e4rjest\u00f6n\u00e4 <em>\u2013<\/em> karjalaiset halusivat olla aktiivisesti itse mukana p\u00e4\u00e4tt\u00e4m\u00e4ss\u00e4 omista asioistaan. Kun siirtov\u00e4en taloudellista asemaa ja sijoittumista koskeviin kysymyksiin oli l\u00f6ydetty ratkaisut, Karjalan Liiton teht\u00e4v\u00e4t painottuivat kulttuuri- ja harrastusj\u00e4rjest\u00f6n suuntaan.<\/p>\n\n\n\n<p>Karjalan Liitto ry muodostuu yli 350 itsen\u00e4isesti p\u00e4\u00e4t\u00f6ksi\u00e4 tekev\u00e4st\u00e4 yhdistyksest\u00e4. Piiriorganisaatioita ovat 15 piiriyhdistyst\u00e4, P\u00e4\u00e4kaupunkiseudun Karjalaisyhteis\u00f6t, Karjalaisen Pit\u00e4j\u00e4yhdistysten Liitto ja Karjalaisten Sukuyhteis\u00f6jen Liitto. Seuratasolla Karjalan Liittoon kuuluvat Karjala-seurat, pit\u00e4j\u00e4seurat, sukuseurat, s\u00e4\u00e4ti\u00f6t, muut j\u00e4senyhteis\u00f6t ja pit\u00e4j\u00e4lehdet. Kuvassa 1 on kuvattu Karjalan Liitto ry:n p\u00e4\u00e4t\u00f6ksentekorakenne ja keskin\u00e4iset suhteet. P\u00e4ivitetyt Karjalan Liiton <a href=\"https:\/\/www.karjalanliitto.fi\/karjalan-liitto\/saannot.html\" data-type=\"URL\" data-id=\"https:\/\/www.karjalanliitto.fi\/karjalan-liitto\/saannot.html\" target=\"_blank\" rel=\"noreferrer noopener\">s\u00e4\u00e4nn\u00f6t<\/a> on hyv\u00e4ksytty liittokokouksessa 23.8.2020 ja rekister\u00f6ity Patentti- ja rekisterihallituksessa 28.10.2020.<\/p>\n\n\n\n<div class=\"wp-block-image\"><figure class=\"alignleft size-large\"><img loading=\"lazy\" width=\"1024\" height=\"701\" src=\"http:\/\/www.taljansuku.com\/tss\/wp-content\/uploads\/2021\/02\/KL_2021_02_01_Paatoksentekorakenne-1024x701.png\" alt=\"\" class=\"wp-image-947\" srcset=\"http:\/\/www.taljansuku.com\/tss\/wp-content\/uploads\/2021\/02\/KL_2021_02_01_Paatoksentekorakenne-1024x701.png 1024w, http:\/\/www.taljansuku.com\/tss\/wp-content\/uploads\/2021\/02\/KL_2021_02_01_Paatoksentekorakenne-300x206.png 300w, http:\/\/www.taljansuku.com\/tss\/wp-content\/uploads\/2021\/02\/KL_2021_02_01_Paatoksentekorakenne-768x526.png 768w, http:\/\/www.taljansuku.com\/tss\/wp-content\/uploads\/2021\/02\/KL_2021_02_01_Paatoksentekorakenne.png 1381w\" sizes=\"(max-width: 1024px) 100vw, 1024px\" \/><figcaption><strong>Kuva 1:<\/strong> <em>Karjalan Liitto ry:n p\u00e4\u00e4t\u00f6ksentekorakenne ja keskin\u00e4iset suhteet. Me, yksitt\u00e4iset henkil\u00f6t, olemme j\u00e4seni\u00e4 seuroissa ja yhdistyksiss\u00e4. Seurojen ja yhdistysten j\u00e4senet tekev\u00e4t p\u00e4\u00e4t\u00f6kset vuosikokouksessa, tuolloin my\u00f6s valitaan hallitus hoitamaan seuran \/ yhdistyksen asioita seuraavaan kokoukseen saakka. Seurat ovat j\u00e4senin\u00e4 piiriyhdistyksiss\u00e4. Karjalan Liitto ry:n <a rel=\"noreferrer noopener\" href=\"https:\/\/www.karjalanliitto.fi\/media\/karjalan_liiton_saannot_hyv_2020.pdf\" target=\"_blank\">j\u00e4seni\u00e4<\/a> ovat <a rel=\"noreferrer noopener\" href=\"https:\/\/www.karjalanliitto.fi\/karjalan-liitto\/jasenyhteisot\/piiri-ja-liittoyhdistykset.html\" target=\"_blank\">piiri- ja liittoyhdistykset<\/a>, n\u00e4iden j\u00e4senin\u00e4 olevat rekister\u00f6idyt yhteis\u00f6t (mm. <a rel=\"noreferrer noopener\" href=\"https:\/\/www.karjalanliitto.fi\/karjalan-liitto\/jasenyhteisot\/sukuseurat.html\" target=\"_blank\">sukuseurat<\/a>) sek\u00e4 <a rel=\"noreferrer noopener\" href=\"https:\/\/www.karjalanliitto.fi\/karjalan-liitto\/jasenyhteisot\/saatiot.html\" target=\"_blank\">s\u00e4\u00e4ti\u00f6t<\/a>. Liittokokoukseen jokainen liiton j\u00e4senseura voi l\u00e4hett\u00e4\u00e4 edustajansa tai edustajiansa seuran j\u00e4senm\u00e4\u00e4r\u00e4n mukaisesti. Joka 3. vuosi kokoontuva liittokokous on ylin p\u00e4\u00e4tt\u00e4v\u00e4 elin. J\u00e4senten edustajat valitsevat liittokokouksessa <a rel=\"noreferrer noopener\" href=\"https:\/\/www.karjalanliitto.fi\/karjalan-liitto\/hallinto\/liittovaltuusto.html\" target=\"_blank\">liittovaltuusto<\/a>n sek\u00e4 <a rel=\"noreferrer noopener\" href=\"https:\/\/www.karjalanliitto.fi\/karjalan-liitto\/hallinto\/liittohallitus.html\" target=\"_blank\">liittohallituksen<\/a> <a rel=\"noreferrer noopener\" href=\"https:\/\/www.karjalanliitto.fi\/karjalan-liitto\/hallinto\/puheenjohtajisto.html\" target=\"_blank\">puheenjohtajat<\/a>. Kaksi kertaa vuodessa kokoontuva liittovaltuusto valitsee liittohallituksen j\u00e4senet. Toiminnanjohtaja ja Karjalan Liiton <a rel=\"noreferrer noopener\" href=\"https:\/\/www.karjalanliitto.fi\/karjalan-liitto\/yhteystiedot-3.html\" target=\"_blank\">toimisto<\/a> toimivat liittohallituksen alaisena.<\/em><\/figcaption><\/figure><\/div>\n\n\n\n<p>Karjalan Liiton j\u00e4rjest\u00e4mist\u00e4 aktiviteeteista l\u00f6yd\u00e4t lis\u00e4tietoa Karjalan Liitto ry:n <a rel=\"noreferrer noopener\" href=\"https:\/\/www.karjalanliitto.fi\/tapahtumat.html\" target=\"_blank\">tapahtumakalenterista<\/a> ja joitakin n\u00e4ist\u00e4 on nostettu sukuseuramme &#8221;<a rel=\"noreferrer noopener\" href=\"http:\/\/www.taljansuku.com\/tss\/ajankohtaista\/\" target=\"_blank\">Ajankohtaista<\/a>&#8221;-sivulle. <\/p>\n\n\n\n<p>Liittokokouskauden 2021\u20132023 <a rel=\"noreferrer noopener\" href=\"https:\/\/www.karjalanliitto.fi\/karjalan-liitto\/karjalan-liiton-toiminta\/vuoden-teemat.html\" target=\"_blank\">teemaksi<\/a> vahvistettiin <strong>Huomisen karjalaisuus<\/strong>. Se on kattava ja tulevaisuuteen suuntaava. Keskeist\u00e4 on Karjalaan ja karjalaisuuteen liittyv\u00e4n tiedon v\u00e4litt\u00e4minen niin liiton j\u00e4senist\u00f6lle, huomisen toimijoille kuin kaikille kiinnostuneille. Digitalisuuden hy\u00f6dynt\u00e4minen ja somekanavien vahvistaminen ovat olennaisia teeman toteuttamisessa. <\/p>\n\n\n\n<p>Vuoden 2021 toimintateema on <strong>Karjalainen identiteetti<\/strong>. Yleens\u00e4 identiteettiin liitet\u00e4\u00e4n tietoisuus oman persoonan rakennuspuista, muun muassa omista juurista ja siit\u00e4, miten ilment\u00e4\u00e4 kulttuuriperint\u00f6\u00e4\u00e4n ja taustaansa.<\/p>\n\n\n\n<h4>Karjalan Liiton j\u00e4senyys kannattaa!<\/h4>\n\n\n\n<p>Karjalan Liiton j\u00e4senyydell\u00e4 tuet karjaisten juuriemme pit\u00e4mist\u00e4 el\u00e4v\u00e4n\u00e4 ja saat konkreettisia rahanarvoisia etuja, joiden arvo ylitt\u00e4\u00e4 j\u00e4senmaksun suuruuden. Liittokokouksessa 2020 j\u00e4senmaksuksi vuosille 2021 &#8211; 2023 p\u00e4\u00e4tettiin 20 \u20ac j\u00e4senyhdistyksen j\u00e4senelt\u00e4. Mik\u00e4li kuulut samanaikaisesti useampaan j\u00e4senseuraan (esimerkiksi sukuseuraan, pit\u00e4j\u00e4seuraan ja\/tai Karjalaseuraan), Karjalan Liiton j\u00e4senmaksuosuus perit\u00e4\u00e4n vain kerran. <\/p>\n\n\n\n<p>Karjalan Liiton j\u00e4senilleen tarjoamia <a rel=\"noreferrer noopener\" href=\"https:\/\/www.karjalanliitto.fi\/jasenyys\/jasenedut.html\" target=\"_blank\">j\u00e4senetuja<\/a> ovat:<\/p>\n\n\n\n<ul><li>Karjalan Kunnaat -j\u00e4senlehti<ul><li><a href=\"https:\/\/www.karjalanliitto.fi\/viestinta\/jasenlehti.html\" target=\"_blank\" rel=\"noreferrer noopener\">Lehti<\/a> ilmestyy nelj\u00e4 kertaa vuodessa ja sen saa painettuna tai verkkolehten\u00e4.<\/li><li>Pelk\u00e4st\u00e4\u00e4n Karjalan Kunnaat -lehti yksin\u00e4\u00e4n kattaa j\u00e4senmaksun!<\/li><\/ul><\/li><li>Alennuksia Karjalan Liiton j\u00e4rjest\u00e4mist\u00e4 tapahtumista<ul><li>mm.&nbsp;<a rel=\"noreferrer noopener\" href=\"https:\/\/www.karjalaisetkesajuhlat.fi\/\" target=\"_blank\">Karjalaisten kes\u00e4juhlien<\/a>&nbsp;p\u00e4\u00e4symaksuista<\/li><li>joistakin&nbsp;<a rel=\"noreferrer noopener\" href=\"https:\/\/www.karjalanliitto.fi\/karjalatalo\/karjalan-liiton-siemie-puoti-2.html\" target=\"_blank\">SieMie-puodin<\/a>&nbsp;ja&nbsp;<a rel=\"noreferrer noopener\" href=\"https:\/\/www.karjalanliitto.fi\/siemiepuoti\/\" target=\"_blank\">verkkokaupan<\/a>&nbsp;tuotteista<\/li><li>Karjalan Liiton j\u00e4rjest\u00e4mist\u00e4 seminaareista, tapahtuma- ja koulutustilaisuuksista sek\u00e4 matkoista<\/li><li>piirien alueellisesti sopimista liikkeist\u00e4<\/li><li>lis\u00e4ksi j\u00e4senseurat ja j\u00e4senet saavat alennusta Karjalatalon tilavuokrista.<\/li><\/ul><\/li><li>Alennuksia&nbsp;<a rel=\"noreferrer noopener\" href=\"https:\/\/www.karjalanliitto.fi\/karjalan-liitto\/yhteistyokumppanit.html\" target=\"_blank\">yhteisty\u00f6kumppaneilta<\/a>:<ul><li>Kalevala Koru Oy<ul><li>Karjalan Liiton j\u00e4senet saavat koodilla KL10 10 % alennuksen kaikista <a href=\"http:\/\/www.kalevala.fi\" target=\"_blank\" rel=\"noreferrer noopener\">Kalevala Koru<\/a>n normaalihintaisista tuotteista (pois lukien lahjakortit). Katso&nbsp;<a rel=\"noreferrer noopener\" href=\"https:\/\/www.kalevala.fi\/\" target=\"_blank\">lis\u00e4tietoa<\/a>.<\/li><\/ul><\/li><li>Karjala-lehti<ul><li>Karjalan Liittoon liittyv\u00e4t uudet j\u00e4senet saavat Karjala-lehden ilmaiseksi kuukauden ajaksi.<\/li><li>Jos lehti kiinnostaa, Karjalan Liiton osuuden maksaneet uudet j\u00e4senet tilata lehden puoleen hintaan joko puoleksi vuodeksi tai vuodeksi.<\/li><li>Edun saamiseksi&nbsp;<a rel=\"noreferrer noopener\" href=\"http:\/\/www.karjala-lehti.fi\/\" target=\"_blank\">ota yhteytt\u00e4 Karjala-lehteen<\/a>!<\/li><\/ul><\/li><li>Suomalaisen Kirjallisuuden Seura (SKS)<ul><li>Suomalaisen Kirjallisuuden Seuran (SKS) alennusprosentti Karjalan Liiton j\u00e4senille on 25 %. Se koskee kaikkia normaalihintaisia kirjoja ja sen voi hy\u00f6dynt\u00e4\u00e4 Tiedekirjassa ja SKS:n verkkokirjakaupassa&nbsp;<a rel=\"noreferrer noopener\" href=\"http:\/\/www.finlit.fi\/kirjat\" target=\"_blank\">www.finlit.fi\/kirjat<\/a>.<\/li><li>Alennuksen saamiseksi on tilauksen yhteydess\u00e4 laitettava&nbsp;KARJALANLIITTO kohtaan, jossa kysyt\u00e4\u00e4n koodia. Katso&nbsp;<a rel=\"noreferrer noopener\" href=\"https:\/\/www.karjalanliitto.fi\/karjalan-liitto\/yhteistyokumppanit.html\" target=\"_blank\">lis\u00e4tietoa<\/a>.<\/li><\/ul><\/li><li>Viking Line<ul><li><a href=\"http:\/\/www.vikingline.fi\" target=\"_blank\" rel=\"noreferrer noopener\">Viking Line<\/a> tarjoaa Karjalan Liiton j\u00e4senille edullisia risteilymatkoja. Valittavanasi on p\u00e4ivitt\u00e4in useita reittivaihtoehtoja sek\u00e4 kestoltaan eripituisia risteilymatkoja.<\/li><li>Kerro varauksen yhteydess\u00e4 Karjalan Liiton j\u00e4senyytesi, vaikka tekisit varauksen matkatoimiston kautta. Karjalan Liiton asiakasnumero on 333868. Hy\u00f6dynn\u00e4 my\u00f6s Viking Linen sivuilla olevaa Merimatka-alennuskuponkia.<\/li><li>Viking Linen&nbsp;<a rel=\"noreferrer noopener\" href=\"https:\/\/www.vikingline.fi\/edut\/karjalanliitto\" target=\"_blank\">sivu Karjalan Liiton j\u00e4senille<\/a>.<\/li><li>Katso&nbsp;<a rel=\"noreferrer noopener\" href=\"https:\/\/www.karjalanliitto.fi\/karjalan-liitto\/yhteistyokumppanit.html\" target=\"_blank\">lis\u00e4tietoa<\/a>.<\/li><\/ul><\/li><li>Holiday Club<ul><li><a href=\"http:\/\/www.holidayclubresorts.com\/fi\/\" target=\"_blank\" rel=\"noreferrer noopener\">Holiday Club<\/a> antaa j\u00e4senetuna Karjalan Liiton j\u00e4senille Villas majoitusta 1.1.2021\u20131.1.2022 seuraavista Holiday Club kohteista:<ul><li>Holiday Club <a href=\"http:\/\/www.holidayclubresorts.com\/fi\/kohteet\/caribia\/\" target=\"_blank\" rel=\"noreferrer noopener\">Caribia<\/a>, Turku<\/li><li>Holiday Club <a href=\"https:\/\/www.holidayclubresorts.com\/fi\/kohteet\/vierumaki\/\" target=\"_blank\" rel=\"noreferrer noopener\">Vierum\u00e4ki<\/a>, Heinola<\/li><li>Holiday Club <a href=\"https:\/\/www.holidayclubresorts.com\/fi\/kohteet\/saimaa\/\" target=\"_blank\" rel=\"noreferrer noopener\">Saimaa<\/a>, Lappeenranta<\/li><li>Holiday Club <a href=\"http:\/\/www.holidayclubresorts.com\/fi\/kohteet\/himos\/\" target=\"_blank\" rel=\"noreferrer noopener\">Himos<\/a>, J\u00e4ms\u00e4<\/li><li>Holiday Club <a href=\"http:\/\/www.holidayclubresorts.com\/fi\/kohteet\/katinkulta\/\" target=\"_blank\" rel=\"noreferrer noopener\">Katinkulta<\/a>, Vuokatti<\/li><li>Holiday Club <a href=\"http:\/\/www.holidayclubresorts.com\/fi\/kohteet\/kuusamon-tropiikki\/\" target=\"_blank\" rel=\"noreferrer noopener\">Kuusamon Tropiikki<\/a>, Kuusamo<\/li><li>Holiday Club <a href=\"http:\/\/www.holidayclubresorts.com\/fi\/kohteet\/salla\/\" target=\"_blank\" rel=\"noreferrer noopener\">Salla<\/a>, Salla<\/li><li>Holiday Club <a href=\"http:\/\/www.holidayclubresorts.com\/fi\/kohteet\/saariselka\/\" target=\"_blank\" rel=\"noreferrer noopener\">Saariselk\u00e4<\/a>, Ivalo<\/li><\/ul><\/li><li>Karjalan Liiton j\u00e4senet saavat 50 % alennuksen Holiday Club Villas huoneistojen p\u00e4iv\u00e4n majoitushinnasta, kun varaus tehd\u00e4\u00e4n koodilla KARJALA50&nbsp;<a rel=\"noreferrer noopener\" href=\"https:\/\/www.holidayclubresorts.com\/fi\/\" target=\"_blank\">Holiday Clubin verkkokaupasta<\/a>.<\/li><li>Katso&nbsp;<a rel=\"noreferrer noopener\" href=\"https:\/\/www.karjalanliitto.fi\/karjalan-liitto\/yhteistyokumppanit.html\" target=\"_blank\">lis\u00e4tietoa<\/a>.<\/li><\/ul><\/li><li>HF-klinikka<ul><li>Karjalan Liiton j\u00e4senille Karjala-kortilla 20 %:n alennus&nbsp;<a rel=\"noreferrer noopener\" href=\"https:\/\/hf-klinikka.fi\/index.html\" target=\"_blank\">HF-klinikan<\/a>&nbsp;palveluista.<\/li><li>HF-klinikka tarjoaa palveluina urheiluhierontaa ja liikuntavalmennusta.<\/li><\/ul><\/li><li>Opintokeskus Sivis<ul><li>Karjalan Liitto ja j\u00e4senyhteis\u00f6t saavat koulutuksia ja kursseja varten tukea&nbsp;<a rel=\"noreferrer noopener\" href=\"https:\/\/www.ok-sivis.fi\/\" target=\"_blank\">Opintokeskus Sivikselt\u00e4<\/a>.<\/li><li>Siviksen tuki on seuroille, ei yksitt\u00e4isille j\u00e4senille.<\/li><\/ul><\/li><\/ul><\/li><li>Suurin j\u00e4senetu Karjalan Liiton j\u00e4senen\u00e4 on mahdollisuus vaalia karjalaisuutta ja pit\u00e4\u00e4 yll\u00e4 karjalaisia perinteit\u00e4 osana karjalaista yhteis\u00f6\u00e4.<ul><li>Yhteis\u00f6ss\u00e4 on voimaa! Yksil\u00f6n\u00e4 tai yksitt\u00e4isen\u00e4 sukuseurana saamme huomattavasti v\u00e4hemm\u00e4n aikaan kuin yhdess\u00e4.<ul><li>Er\u00e4s toiminnan muoto on se, ett\u00e4 Karjalan Liiton johto tapaa valtionjohtoa vuosittain teemoilla, jotka koskevat luovutetun Karjalan alueen matkailua sek\u00e4 alueen hautausmaita ja muistomerkkej\u00e4. Esimerkiksi t\u00e4h\u00e4n meill\u00e4 sukuseurana ei ole mahdollisuutta!<\/li><li>Ilman Karjalan Liiton jatkuvaa ty\u00f6t\u00e4 esimerkiksi kotiseutumatkailu rajan takaiseen Karjalaan ei nykymuodossaan olisi mahdollista.<\/li><\/ul><\/li><li>Liitosta saamme tukea, kun vain osaamme sit\u00e4 kysy\u00e4.<\/li><\/ul><\/li><\/ul>\n\n\n\n<p><strong><span style=\"color:#ee1c25\" class=\"has-inline-color\">Liity sukuseuran kautta Karjalan Liitoon osaksi karjalaista yhteis\u00f6\u00e4 ja <br>kulttuuriperint\u00f6\u00e4 sek\u00e4 tukemaan vanhemmilta saadun perinn\u00f6n yll\u00e4pit\u00e4mist\u00e4! <\/span><\/strong><\/p>\n\n\n\n<p><strong><span style=\"color:#ee1c25\" class=\"has-inline-color\">K\u00e4yt\u00e4 tarjolla olevat j\u00e4senedut hyv\u00e4ksesi! <\/span><\/strong><\/p>\n","protected":false},"excerpt":{"rendered":"<p>Kannakselaisena sukuna olemme osa karjalaista yhteis\u00f6\u00e4 ja kulttuuriperint\u00f6\u00e4. Teht\u00e4v\u00e4n\u00e4mme on vaalia suvun perinteit\u00e4 ja siirt\u00e4\u00e4 niit\u00e4 seuraaville sukupolville. Sukuseurana kuulumme&nbsp;Karjalaisten Sukuyhteis\u00f6jen Liitto ry:n ja Karjalan Liitto ry:n. Yhdess\u00e4 osana karjalaista yhteis\u00f6\u00e4 pystymme hoitamaan karjalaisuuden vaalimista huomattavasti paremmin kuin yksin. Lis\u00e4ksi Karjalan Liittoon kuuluminen tuottaa sukuseuran j\u00e4senelle etuja. Karjalaisten Sukuyhteis\u00f6jen Liitto Karjalaisten Sukuyhteis\u00f6jen Liitto ry (KSYL) [&hellip;]<\/p>\n","protected":false},"author":2,"featured_media":0,"parent":41,"menu_order":6,"comment_status":"closed","ping_status":"closed","template":"","meta":[],"_links":{"self":[{"href":"http:\/\/www.taljansuku.com\/tss\/wp-json\/wp\/v2\/pages\/839"}],"collection":[{"href":"http:\/\/www.taljansuku.com\/tss\/wp-json\/wp\/v2\/pages"}],"about":[{"href":"http:\/\/www.taljansuku.com\/tss\/wp-json\/wp\/v2\/types\/page"}],"author":[{"embeddable":true,"href":"http:\/\/www.taljansuku.com\/tss\/wp-json\/wp\/v2\/users\/2"}],"replies":[{"embeddable":true,"href":"http:\/\/www.taljansuku.com\/tss\/wp-json\/wp\/v2\/comments?post=839"}],"version-history":[{"count":77,"href":"http:\/\/www.taljansuku.com\/tss\/wp-json\/wp\/v2\/pages\/839\/revisions"}],"predecessor-version":[{"id":1020,"href":"http:\/\/www.taljansuku.com\/tss\/wp-json\/wp\/v2\/pages\/839\/revisions\/1020"}],"up":[{"embeddable":true,"href":"http:\/\/www.taljansuku.com\/tss\/wp-json\/wp\/v2\/pages\/41"}],"wp:attachment":[{"href":"http:\/\/www.taljansuku.com\/tss\/wp-json\/wp\/v2\/media?parent=839"}],"curies":[{"name":"wp","href":"https:\/\/api.w.org\/{rel}","templated":true}]}}