{"id":90,"date":"2020-02-16T19:02:55","date_gmt":"2020-02-16T19:02:55","guid":{"rendered":"http:\/\/www.taljansuku.com\/tss\/?page_id=90"},"modified":"2021-07-11T10:58:23","modified_gmt":"2021-07-11T08:58:23","slug":"suku","status":"publish","type":"page","link":"http:\/\/www.taljansuku.com\/tss\/suku\/","title":{"rendered":"Suku"},"content":{"rendered":"\n<p>Ensimm\u00e4iset merkinn\u00e4t Taljan suvusta ovat 1500-luvun alusta. <\/p>\n\n\n\n<p><a rel=\"noreferrer noopener\" aria-label=\"Sukunimi (avautuu uudessa v\u00e4lilehdess\u00e4)\" href=\"http:\/\/www.taljansuku.com\/tss\/suku\/sukunimi\/\" target=\"_blank\">Sukunimi<\/a> ja sen muuttuminen tunnetaan hyvin. Sukunimen ensimm\u00e4inen muoto on ollut Stallsven ja siit\u00e4 se on muotoutunut nykyiseen muotoonsa ajan my\u00f6t\u00e4 pysyen muuttumattomana viimeiset 300 vuotta.<\/p>\n\n\n\n<p>Taljan suvun asuinalueet ovat sijainneet Keski-Kannaksella p\u00e4\u00e4asiassa entisten Vuoksenrannan ja Antrean pit\u00e4jien alueella. Kantatalon arvellaan sijainneen Vuoksenrannan pit\u00e4j\u00e4n Taljalan kyl\u00e4ss\u00e4.  Taljan sukua on asunut jo ennen 1500-lukua Vuoksenrannan alueella  muissakin kyliss\u00e4, kuten Korpilahdessa, Kaskisel\u00e4ss\u00e4 ja Sintolassa.  N\u00e4ist\u00e4 kylist\u00e4 kuitenkin suku katosi vuonna 1609, jolloin alkoi Ven\u00e4j\u00e4n  sota \/1\/.  Ruotsin joukot aloittivat tuolloin Ven\u00e4j\u00e4lle tunkeutumisen.  Vuonna  1617 solmittiin <a href=\"http:\/\/www.pohjanprikaatinkilta.fi\/PohPr\/rauhat\/Stolbovan%20rauha.htm\" target=\"_blank\" rel=\"noreferrer noopener\" aria-label=\" (avautuu uudessa v\u00e4lilehdess\u00e4)\">Stolbovassa<\/a> Ven\u00e4j\u00e4n kanssa&nbsp; rauha, jossa Ruotsi  sai K\u00e4kisalmen l\u00e4\u00e4nin ja Inkerinmaan \/2\/.  <\/p>\n\n\n\n<p>Asutusta alueella on ollut pitk\u00e4\u00e4n, Suomen vanhin muinaishistoriallinen l\u00f6yt\u00f6, Antrean kalaverkko, ajoitetaan noin 10 000 vuoden taakse.<\/p>\n\n\n\n<p class=\"lahdeluettelo has-normal-font-size\">L\u00e4hteet:<\/p>\n\n\n\n<ol class=\"lahdeluettelo\"><li>Alasalmi Aila, Kirjassa &#8221;Taljan Suku&#8221; toim. Huovinen Marja-Liisa, ISBN:978-952-93-3474-2 , sivu 15.<\/li><li>&#8221;Ven\u00e4j\u00e4n sota (1609 &#8211; 1617)&#8221; http:\/\/www.pohjanprikaatinkilta.fi\/PohPr\/sodat\/Venajan%20sota%20(1609%20-%201617).htm, viitattu 28.2.2020<\/li><\/ol>\n\n\n\n<p class=\"lahdeluettelo has-normal-font-size\"><\/p>\n","protected":false},"excerpt":{"rendered":"<p>Ensimm\u00e4iset merkinn\u00e4t Taljan suvusta ovat 1500-luvun alusta. Sukunimi ja sen muuttuminen tunnetaan hyvin. Sukunimen ensimm\u00e4inen muoto on ollut Stallsven ja siit\u00e4 se on muotoutunut nykyiseen muotoonsa ajan my\u00f6t\u00e4 pysyen muuttumattomana viimeiset 300 vuotta. Taljan suvun asuinalueet ovat sijainneet Keski-Kannaksella p\u00e4\u00e4asiassa entisten Vuoksenrannan ja Antrean pit\u00e4jien alueella. Kantatalon arvellaan sijainneen Vuoksenrannan pit\u00e4j\u00e4n Taljalan kyl\u00e4ss\u00e4. Taljan sukua [&hellip;]<\/p>\n","protected":false},"author":2,"featured_media":0,"parent":0,"menu_order":3,"comment_status":"closed","ping_status":"closed","template":"","meta":[],"_links":{"self":[{"href":"http:\/\/www.taljansuku.com\/tss\/wp-json\/wp\/v2\/pages\/90"}],"collection":[{"href":"http:\/\/www.taljansuku.com\/tss\/wp-json\/wp\/v2\/pages"}],"about":[{"href":"http:\/\/www.taljansuku.com\/tss\/wp-json\/wp\/v2\/types\/page"}],"author":[{"embeddable":true,"href":"http:\/\/www.taljansuku.com\/tss\/wp-json\/wp\/v2\/users\/2"}],"replies":[{"embeddable":true,"href":"http:\/\/www.taljansuku.com\/tss\/wp-json\/wp\/v2\/comments?post=90"}],"version-history":[{"count":16,"href":"http:\/\/www.taljansuku.com\/tss\/wp-json\/wp\/v2\/pages\/90\/revisions"}],"predecessor-version":[{"id":975,"href":"http:\/\/www.taljansuku.com\/tss\/wp-json\/wp\/v2\/pages\/90\/revisions\/975"}],"wp:attachment":[{"href":"http:\/\/www.taljansuku.com\/tss\/wp-json\/wp\/v2\/media?parent=90"}],"curies":[{"name":"wp","href":"https:\/\/api.w.org\/{rel}","templated":true}]}}